{"id":910,"date":"2019-04-13T07:39:36","date_gmt":"2019-04-13T07:39:36","guid":{"rendered":"http:\/\/tutraductorjurado.es\/?page_id=910"},"modified":"2024-07-08T14:36:18","modified_gmt":"2024-07-08T14:36:18","slug":"traductor-ingles-espanol-oficial","status":"publish","type":"page","link":"https:\/\/tutraductorjurado.es\/en\/traductor-ingles-espanol-oficial","title":{"rendered":"Traductor Ingl\u00e9s Espa\u00f1ol Oficial"},"content":{"rendered":"<h1 style=\"text-align: center;\"><span style=\"color: #003399;\">Traductor Ingl\u00e9s Espa\u00f1ol Oficial<\/span><\/h1>\n<h5>Traducciones Juradas Oficiales de calidad en&nbsp;24 \u00f3 48 h.<\/h5>\n<p>Reciba en su domicilio su Traducci\u00f3n Jurada <strong>r\u00e1pidamente<\/strong>. <strong>Tarifas muy competitivas<\/strong>,&nbsp;manteniendo la <strong>m\u00e1xima calidad.<\/strong><\/p>\n<p>Si necesita su traducci\u00f3n jurada,&nbsp;<b>cont\u00e1cteme para informarse&nbsp;<\/b>sin ning\u00fan compromiso por email en&nbsp;<\/p>\n<p>Recibir\u00e1 a la mayor brevedad&nbsp;la traducci\u00f3n jurada en papel, esto es, el documento original&nbsp;con&nbsp;la correspondiente firma y con el sello de traductor jurado en cada p\u00e1gina. Rec\u00edbala si lo desea tambi\u00e9n en digital con firma electr\u00f3nica.<\/p>\n<ul>\n<li><strong>R\u00e1pida:<\/strong>&nbsp;enc\u00e1rguela y la podr\u00e1 recibir en 24 o 48h<\/li>\n<li><strong>Econ\u00f3mica:<\/strong> Sin intermediarios y con env\u00edo gratis en Pen\u00ednsula y Baleares<\/li>\n<li><strong>Sin riesgos:<\/strong>&nbsp;garant\u00eda de satisfacci\u00f3n: cada&nbsp;traducci\u00f3n es gestionada&nbsp;al detalle, para que tenga validez<\/li>\n<\/ul>\n<h4 style=\"text-align: center;\">&nbsp;<\/h4>\n<h4 style=\"text-align: center;\"><span style=\"color: #003399;\"><strong>ENV\u00cdE AHORA SUS DOCUMENTOS Y RECIBA SU PRESUPUESTO R\u00c1PIDAMENTE<\/strong><\/span><\/h4>\n<h3 style=\"text-align: center;\">SOLICITE INFORMACI\u00d3N<\/h3>\n<p>&nbsp;<\/p>\n<p style=\"text-align: center;\"><p class=\"wpcf7-contact-form-not-found\"><strong>Error:<\/strong> Contact form not found.<\/p><\/p>\n<p style=\"text-align: center;\"><img decoding=\"async\" loading=\"lazy\" class=\"aligncenter\" src=\"http:\/\/tutraductorjurado.es\/wp-content\/uploads\/2017\/10\/tu-traductor-jurado-oficial.jpg\" sizes=\"(max-width: 640px) 100vw, 640px\" srcset=\"http:\/\/tutraductorjurado.es\/wp-content\/uploads\/2017\/10\/tu-traductor-jurado-oficial.jpg 1000w, http:\/\/tutraductorjurado.es\/wp-content\/uploads\/2017\/10\/tu-traductor-jurado-oficial-300x105.jpg 300w, http:\/\/tutraductorjurado.es\/wp-content\/uploads\/2017\/10\/tu-traductor-jurado-oficial-768x269.jpg 768w\" alt=\"tu traductor jurado oficial\" width=\"640\" height=\"224\"><\/p>\n<h4>&nbsp;<\/h4>\n<h5>Obtenga sus traducciones&nbsp;con sello oficial, 100% v\u00e1lidas en Espa\u00f1a y el extranjero&nbsp;<\/h5>\n<p>La traducci\u00f3n jurada de un documento solo la puede realizar un<strong>&nbsp;traductor oficial jurado&nbsp;nombrado por el Ministerio de Asuntos Exteriores y de Cooperaci\u00f3n (<a href=\"http:\/\/www.exteriores.gob.es\/Portal\/es\/Paginas\/inicio.aspx\">MAEC<\/a>)<\/strong>.&nbsp;Aseg\u00farese de encargar la traducci\u00f3n a un Traductor Oficial, o la traducci\u00f3n no ser\u00e1 v\u00e1lida.<\/p>\n<p>De este modo la<strong>&nbsp;traducci\u00f3n jurada adquiere <\/strong>car\u00e1cter de<strong> documento oficial<\/strong> y&nbsp;puede ser presentada ante cualquier organismo oficial: ministerios, institutos, juzgados, ayuntamientos,&nbsp;embajadas, etc.<\/p>\n<ul>\n<li>La traducci\u00f3n tiene que incluir una declaraci\u00f3n del traductor jurado donde certifica que es una&nbsp;traducci\u00f3n fiel, la fecha, la firma y el sello&nbsp;del traductor jurado.<\/li>\n<li>Adem\u00e1s, tiene que adjuntarse una&nbsp;copia del original, que debe estar fechado y sellado en todas sus p\u00e1ginas.<\/li>\n<\/ul>\n<h4>&nbsp;<\/h4>\n<h5>El proceso para recibir su <a href=\"http:\/\/tutraductorjurado.es\/una-traduccion-jurada\">traducci\u00f3n oficial jurada<\/a> o no jurada de manera r\u00e1pida y guardando siempre la m\u00e1xima calidad<\/h5>\n<p>En primer lugar usted puede enviarnos sus documentos a traducir rellenando el formulario que figura en esta misma p\u00e1gina o directamente al correo electr\u00f3nico<a href=\"mailto:yolanda@tutraductorjurado.es\">.<\/a> Es importante que indique el plazo en el que desea recibir la traducci\u00f3n en papel para as\u00ed poder adaptarme a sus requisitos de plazo.<\/p>\n<p>Una vez reciba sus documentos, en breve le responder\u00e9 indic\u00e1ndole el presupuesto, plazo de entrega y modo de pago. En cuanto reciba su confirmaci\u00f3n, me pondr\u00e9 manos a la obra y le entregar\u00e9 en su domicilio la traducci\u00f3n en el plazo establecido, a un precio competitivo y con la m\u00e1xima calidad.<\/p>\n<h4>&nbsp;<\/h4>\n<p>En <strong>Tu Traductor Jurado<\/strong> puede traducir todo tipo de documentos: contratos, documentos identificativos (DNI, libro de familia), certificados, etc..&nbsp;<\/p>\n<p>Tambi\u00e9n aplico un descuento por volumen para traducciones de m\u00e1s de una p\u00e1gina y para traducciones de m\u00e1s de un documento.<\/p>\n<p>Estos son los documentos m\u00e1s habituales para traducir:<\/p>\n<div class='content-column one_third'><ul>\n<li><a href=\"http:\/\/tutraductorjurado.es\/traduccion-jurada-titulos-certificados\">Traducciones de t\u00edtulos universitarios<\/a><\/li>\n<li><a href=\"http:\/\/tutraductorjurado.es\/traduccion-jurada-titulos-certificados\">Traducci\u00f3n jurada de certificaciones acad\u00e9micas<\/a><\/li>\n<li>Expediente acad\u00e9mico<\/li>\n<li>Cartas de recomendaci\u00f3n<\/li>\n<li>Certificado de defunci\u00f3n<\/li>\n<li>Certificado de discapacidad<\/li>\n<\/ul><\/div>\n<div class='content-column one_third'><ul>\n<li>Traducci\u00f3n de Certificado de empadronamiento<\/li>\n<li>Traducci\u00f3n de Certificado de matrimonio<\/li>\n<li>Certificado m\u00e9dico<\/li>\n<li>Certificado de nacimiento<\/li>\n<li>DNI<\/li>\n<li>Libro de Familia<\/li>\n<\/ul><\/div>\n<div class='content-column one_third last_column'><ul>\n<li>Facturas<\/li>\n<li>Fe de vida y estado<\/li>\n<li>Antecedentes penales<\/li>\n<li>Historia cl\u00ednica<\/li>\n<li>N\u00f3mina<\/li>\n<li>Permiso de conducir<\/li>\n<\/ul><\/div><div class='clear_column'><\/div>\n<div class='content-column one_half'><p><img decoding=\"async\" loading=\"lazy\" class=\"aligncenter wp-image-911 size-full\" src=\"http:\/\/tutraductorjurado.es\/wp-content\/uploads\/2019\/01\/traductor-espan\u0303ol-ingle\u0301s.jpg\" alt=\"traductor espa\u00f1ol ingl\u00e9s\" width=\"560\" height=\"315\" srcset=\"https:\/\/tutraductorjurado.es\/wp-content\/uploads\/2019\/01\/traductor-espan\u0303ol-ingle\u0301s.jpg 560w, https:\/\/tutraductorjurado.es\/wp-content\/uploads\/2019\/01\/traductor-espan\u0303ol-ingle\u0301s-300x169.jpg 300w\" sizes=\"(max-width: 560px) 100vw, 560px\" \/><\/p><\/div>\n<div class='content-column one_half last_column'><p>&nbsp;<\/p>\n<ul>\n<li>Env\u00edenos sus documentos escaneados e ind\u00edquenos el plazo en el que necesita la traducci\u00f3n<\/li>\n<li>Le enviaremos un presupuesto y un plazo de entrega, tan pronto lo acepte, puede realizar el <a href=\"http:\/\/tutraductorjurado.es\/pagos-online\">abono<\/a> y comenzaremos a trabajar en la traducci\u00f3n<\/li>\n<li>Recibir\u00e1 en su domicilio la traducci\u00f3n en el plazo acordado (env\u00edo gratuito en 24 horas)<\/li>\n<\/ul><\/div><div class='clear_column'><\/div>\n<div class='content-column one_half'><p>&nbsp;<\/p>\n<p>&nbsp;<\/p>\n<p style=\"text-align: center;\"><a class=\"fasc-button fasc-size-large fasc-type-flat fasc-style-bold\" style=\"background-color: #003399; color: #ffffff;\" href=\"http:\/\/tutraductorjurado.es\/escanear\">ESCANEAR DOCUMENTOS CON EL M\u00d3VIL<\/a><\/p>\n<p style=\"text-align: center;\">Si no dispone de esc\u00e1ner, puede escanear sus documentos con un tel\u00e9fono m\u00f3vil<\/p><\/div>\n<div class='content-column one_half last_column'><p><img decoding=\"async\" loading=\"lazy\" class=\"aligncenter wp-image-429 size-full\" src=\"http:\/\/tutraductorjurado.es\/wp-content\/uploads\/2017\/10\/traductor-oficial-ingle\u0301s-espan\u0303ol.jpg\" alt=\"traductor oficial ingl\u00e9s espa\u00f1ol\" width=\"500\" height=\"300\" srcset=\"https:\/\/tutraductorjurado.es\/wp-content\/uploads\/2017\/10\/traductor-oficial-ingle\u0301s-espan\u0303ol.jpg 500w, https:\/\/tutraductorjurado.es\/wp-content\/uploads\/2017\/10\/traductor-oficial-ingle\u0301s-espan\u0303ol-300x180.jpg 300w\" sizes=\"(max-width: 500px) 100vw, 500px\" \/><\/p><\/div><div class='clear_column'><\/div>\n<h4 style=\"text-align: center;\">Traducciones Juradas Oficiales con env\u00edos gratis en 24 horas a Pen\u00ednsula y Baleares<\/h4>\n<div class='content-column one_fourth'><ul>\n<li><a href=\"http:\/\/tutraductorjurado.es\/traductor-jurado-alava\">\u00c1lava<\/a><\/li>\n<li><a href=\"http:\/\/tutraductorjurado.es\/traductor-jurado-albacete\">Albacete<\/a><\/li>\n<li><a href=\"http:\/\/tutraductorjurado.es\/traductor-jurado-alicante\">Alicante<\/a><\/li>\n<li><a href=\"http:\/\/tutraductorjurado.es\/traductor-jurado-almeria\">Almer\u00eda<\/a><\/li>\n<li><a href=\"http:\/\/tutraductorjurado.es\/traductor-jurado-asturias\">Asturias<\/a><\/li>\n<li><a href=\"http:\/\/tutraductorjurado.es\/traductor-jurado-avila\">\u00c1vila<\/a><\/li>\n<li><a href=\"http:\/\/tutraductorjurado.es\/traductor-jurado-badajoz\">Badajoz<\/a><\/li>\n<li><a href=\"http:\/\/tutraductorjurado.es\/traductor-jurado-barcelona\">Barcelona<\/a><\/li>\n<li><a href=\"http:\/\/tutraductorjurado.es\/traductor-jurado-burgos\">Burgos<\/a><\/li>\n<li><a href=\"http:\/\/tutraductorjurado.es\/traductor-jurado-caceres\">C\u00e1ceres<\/a><\/li>\n<li><a href=\"http:\/\/tutraductorjurado.es\/traductor-jurado-cadiz\">C\u00e1diz<\/a><\/li>\n<li><a href=\"http:\/\/tutraductorjurado.es\/traductor-jurado-cantabria\">Cantabria<\/a><\/li>\n<\/ul><\/div>\n<div class='content-column one_fourth'><ul>\n<li><a href=\"http:\/\/tutraductorjurado.es\/traductor-jurado-castellon\">Castell\u00f3n<\/a><\/li>\n<li><a href=\"http:\/\/tutraductorjurado.es\/traductor-jurado-ciudad-real\">Ciudad Real<\/a><\/li>\n<li><a href=\"http:\/\/tutraductorjurado.es\/traductor-jurado-cordoba\">C\u00f3rdoba<\/a><\/li>\n<li><a href=\"http:\/\/tutraductorjurado.es\/traductor-jurado-coruna\">A Coru\u00f1a<\/a><\/li>\n<li><a href=\"http:\/\/tutraductorjurado.es\/traductor-jurado-cuenca\">Cuenca<\/a><\/li>\n<li><a href=\"http:\/\/tutraductorjurado.es\/traductor-jurado-girona\">Girona<\/a><\/li>\n<li><a href=\"http:\/\/tutraductorjurado.es\/traductor-jurado-granada\">Granada<\/a><\/li>\n<li><a href=\"http:\/\/tutraductorjurado.es\/traductor-jurado-guadalajara\">Guadalajara<\/a><\/li>\n<li><a href=\"http:\/\/tutraductorjurado.es\/traductor-jurado-guipuzcoa\">Guip\u00fazcoa<\/a><\/li>\n<li><a href=\"http:\/\/tutraductorjurado.es\/traductor-jurado-huelva\">Huelva<\/a><\/li>\n<li><a href=\"http:\/\/tutraductorjurado.es\/traductor-jurado-huesca\">Huesca<\/a><\/li>\n<li><a href=\"http:\/\/tutraductorjurado.es\/traductor-jurado-baleares\">Baleares<\/a><\/li>\n<\/ul><\/div>\n<div class='content-column one_fourth'><ul>\n<li><a href=\"http:\/\/tutraductorjurado.es\/traductor-jurado-jaen\">Ja\u00e9n<\/a><\/li>\n<li><a href=\"http:\/\/tutraductorjurado.es\/traductor-jurado-leon\">Le\u00f3n<\/a><\/li>\n<li><a href=\"http:\/\/tutraductorjurado.es\/traductor-jurado-lleida\">Lleida<\/a><\/li>\n<li><a href=\"http:\/\/tutraductorjurado.es\/traductor-jurado-lugo\">Lugo<\/a><\/li>\n<li><a href=\"http:\/\/tutraductorjurado.es\/traductor-jurado-madrid\">Madrid<\/a><\/li>\n<li><a href=\"http:\/\/tutraductorjurado.es\/traductor-jurado-malaga\">M\u00e1laga<\/a><\/li>\n<li><a href=\"http:\/\/tutraductorjurado.es\/traductor-jurado-murcia\">Murcia<\/a><\/li>\n<li><a href=\"http:\/\/tutraductorjurado.es\/traductor-jurado-navarra\">Navarra<\/a><\/li>\n<li><a href=\"http:\/\/tutraductorjurado.es\/traductor-jurado-ourense\">Ourense<\/a><\/li>\n<li><a href=\"http:\/\/tutraductorjurado.es\/traductor-jurado-palencia\">Palencia<\/a><\/li>\n<li><a href=\"http:\/\/tutraductorjurado.es\/traductor-jurado-pontevedra\">Pontevedra<\/a><\/li>\n<li><a href=\"http:\/\/tutraductorjurado.es\/traductor-jurado-la-rioja\">La Rioja<\/a><\/li>\n<\/ul><\/div>\n<div class='content-column one_fourth last_column'><ul>\n<li><a href=\"http:\/\/tutraductorjurado.es\/traductor-jurado-salamanca\">Salamanca<\/a><\/li>\n<li><a href=\"http:\/\/tutraductorjurado.es\/traductor-jurado-segovia\">Segovia<\/a><\/li>\n<li><a href=\"http:\/\/tutraductorjurado.es\/traductor-jurado-sevilla\">Sevilla<\/a><\/li>\n<li><a href=\"http:\/\/tutraductorjurado.es\/traductor-jurado-soria\">Soria<\/a><\/li>\n<li><a href=\"http:\/\/tutraductorjurado.es\/traductor-jurado-tarragona\">Tarragona<\/a><\/li>\n<li><a href=\"http:\/\/tutraductorjurado.es\/traductor-jurado-teruel\">Teruel<\/a><\/li>\n<li><a href=\"http:\/\/tutraductorjurado.es\/traductor-jurado-toledo\">Toledo<\/a><\/li>\n<li><a href=\"http:\/\/tutraductorjurado.es\/traductor-jurado-valencia\">Valencia<\/a><\/li>\n<li><a href=\"http:\/\/tutraductorjurado.es\/traductor-jurado-valladolid\">Valladolid<\/a><\/li>\n<li><a href=\"http:\/\/tutraductorjurado.es\/traductor-jurado-vizcaya\">Vizcaya<\/a><\/li>\n<li><a href=\"http:\/\/tutraductorjurado.es\/traductor-jurado-zamora\">Zamora<\/a><\/li>\n<li><a href=\"http:\/\/tutraductorjurado.es\/traductor-jurado-zaragoza\">Zaragoza<\/a><\/li>\n<\/ul><\/div><div class='clear_column'><\/div>\n<h5>&nbsp;<\/h5>\n<p style=\"text-align: center;\">&nbsp;<\/p>\n<p style=\"text-align: center;\">TRADUCCIONES JURADAS<\/p>\n<pre style=\"text-align: center;\"><a href=\"http:\/\/tutraductorjurado.es\/traduccion-jurada-ingles\/\">Traductor Espa\u00f1ol e Ingl\u00e9s<\/a><\/pre>\n<h6 style=\"text-align: center;\">Yolanda P\u00e9rez &#8211; <a href=\"http:\/\/tutraductorjurado.es\/traduccion-jurada-ingles\">Traductor Oficial de Ingl\u00e9s<\/a> y Espa\u00f1ol<\/h6>\n","protected":false},"excerpt":{"rendered":"<p>Traductor Ingl\u00e9s Espa\u00f1ol Oficial Traducciones Juradas Oficiales de calidad en&nbsp;24 \u00f3 48 h. Reciba en&#8230;<\/p>\n","protected":false},"author":1,"featured_media":0,"parent":0,"menu_order":0,"comment_status":"closed","ping_status":"closed","template":"","meta":{"_mi_skip_tracking":false,"_monsterinsights_sitenote_active":false,"_monsterinsights_sitenote_note":"","_monsterinsights_sitenote_category":0,"footnotes":""},"translation":{"provider":"WPGlobus","version":"2.12.2","language":"en","enabled_languages":["es","en"],"languages":{"es":{"title":true,"content":true,"excerpt":false},"en":{"title":false,"content":false,"excerpt":false}}},"yoast_head":"<!-- This site is optimized with the Yoast SEO plugin v21.6 - https:\/\/yoast.com\/wordpress\/plugins\/seo\/ -->\n<title>Traductor Ingl\u00e9s Espa\u00f1ol Oficial - Tu Traductor Jurado<\/title>\n<meta name=\"robots\" content=\"index, follow, max-snippet:-1, max-image-preview:large, max-video-preview:-1\" \/>\n<link rel=\"canonical\" href=\"https:\/\/tutraductorjurado.es\/traductor-ingles-espanol-oficial\" \/>\n<meta property=\"og:locale\" content=\"en_US\" \/>\n<meta property=\"og:type\" content=\"article\" \/>\n<meta property=\"og:title\" content=\"Traductor Ingl\u00e9s Espa\u00f1ol Oficial - Tu Traductor Jurado\" \/>\n<meta property=\"og:url\" content=\"https:\/\/tutraductorjurado.es\/traductor-ingles-espanol-oficial\" \/>\n<meta property=\"og:site_name\" content=\"Tu Traductor Jurado\" \/>\n<meta property=\"article:publisher\" content=\"https:\/\/www.facebook.com\/tutraductorjurado\" \/>\n<meta property=\"article:modified_time\" content=\"2024-07-08T14:36:18+00:00\" \/>\n<meta property=\"og:image\" content=\"http:\/\/tutraductorjurado.es\/wp-content\/uploads\/2017\/10\/tu-traductor-jurado-oficial.jpg\" \/>\n<meta name=\"twitter:card\" content=\"summary_large_image\" \/>\n<meta name=\"twitter:site\" content=\"@tutraductorjur1\" \/>\n<meta name=\"twitter:label1\" content=\"Est. reading time\" \/>\n\t<meta name=\"twitter:data1\" content=\"4 minutes\" \/>\n<script type=\"application\/ld+json\" class=\"yoast-schema-graph\">{\"@context\":\"https:\/\/schema.org\",\"@graph\":[{\"@type\":\"WebPage\",\"@id\":\"https:\/\/tutraductorjurado.es\/traductor-ingles-espanol-oficial\",\"url\":\"https:\/\/tutraductorjurado.es\/traductor-ingles-espanol-oficial\",\"name\":\"Traductor Ingl\u00e9s Espa\u00f1ol Oficial - Tu Traductor Jurado\",\"isPartOf\":{\"@id\":\"https:\/\/tutraductorjurado.es\/#website\"},\"datePublished\":\"2019-04-13T07:39:36+00:00\",\"dateModified\":\"2024-07-08T14:36:18+00:00\",\"description\":\"Traductor ingl\u00e9s espa\u00f1ol oficial - Yolanda P\u00e9rez - Traducciones juradas de ingl\u00e9s y espa\u00f1ol. T\u00edtulos, certificados, expedientes, penales, etc\",\"breadcrumb\":{\"@id\":\"https:\/\/tutraductorjurado.es\/traductor-ingles-espanol-oficial#breadcrumb\"},\"inLanguage\":\"en-US\",\"potentialAction\":[{\"@type\":\"ReadAction\",\"target\":[\"https:\/\/tutraductorjurado.es\/traductor-ingles-espanol-oficial\"]}]},{\"@type\":\"BreadcrumbList\",\"@id\":\"https:\/\/tutraductorjurado.es\/traductor-ingles-espanol-oficial#breadcrumb\",\"itemListElement\":[{\"@type\":\"ListItem\",\"position\":1,\"name\":\"Portada\",\"item\":\"https:\/\/tutraductorjurado.es\/\"},{\"@type\":\"ListItem\",\"position\":2,\"name\":\"Traductor Ingl\u00e9s Espa\u00f1ol Oficial\"}]},{\"@type\":\"WebSite\",\"@id\":\"https:\/\/tutraductorjurado.es\/#website\",\"url\":\"https:\/\/tutraductorjurado.es\/\",\"name\":\"Tu Traductor Jurado\",\"description\":\"Spanish and English Sworn Translations - Official\",\"publisher\":{\"@id\":\"https:\/\/tutraductorjurado.es\/#organization\"},\"potentialAction\":[{\"@type\":\"SearchAction\",\"target\":{\"@type\":\"EntryPoint\",\"urlTemplate\":\"https:\/\/tutraductorjurado.es\/?s={search_term_string}\"},\"query-input\":\"required name=search_term_string\"}],\"inLanguage\":\"en-US\"},{\"@type\":\"Organization\",\"@id\":\"https:\/\/tutraductorjurado.es\/#organization\",\"name\":\"Tu Traductor Jurado\",\"url\":\"https:\/\/tutraductorjurado.es\/\",\"logo\":{\"@type\":\"ImageObject\",\"inLanguage\":\"en-US\",\"@id\":\"https:\/\/tutraductorjurado.es\/#\/schema\/logo\/image\/\",\"url\":\"http:\/\/tutraductorjurado.es\/wp-content\/uploads\/2017\/10\/cropped-tu-traductor-jurado-1.jpg\",\"contentUrl\":\"http:\/\/tutraductorjurado.es\/wp-content\/uploads\/2017\/10\/cropped-tu-traductor-jurado-1.jpg\",\"width\":135,\"height\":70,\"caption\":\"Tu Traductor Jurado\"},\"image\":{\"@id\":\"https:\/\/tutraductorjurado.es\/#\/schema\/logo\/image\/\"},\"sameAs\":[\"https:\/\/www.facebook.com\/tutraductorjurado\",\"https:\/\/twitter.com\/tutraductorjur1\",\"https:\/\/www.youtube.com\/channel\/UCww9sd9wmEBtNSQePgkOsIQ\"]}]}<\/script>\n<!-- \/ Yoast SEO plugin. -->","yoast_head_json":{"title":"Traductor Ingl\u00e9s Espa\u00f1ol Oficial - Tu Traductor Jurado","robots":{"index":"index","follow":"follow","max-snippet":"max-snippet:-1","max-image-preview":"max-image-preview:large","max-video-preview":"max-video-preview:-1"},"canonical":"https:\/\/tutraductorjurado.es\/traductor-ingles-espanol-oficial","og_locale":"en_US","og_type":"article","og_title":"Traductor Ingl\u00e9s Espa\u00f1ol Oficial - Tu Traductor Jurado","og_url":"https:\/\/tutraductorjurado.es\/traductor-ingles-espanol-oficial","og_site_name":"Tu Traductor Jurado","article_publisher":"https:\/\/www.facebook.com\/tutraductorjurado","article_modified_time":"2024-07-08T14:36:18+00:00","og_image":[{"url":"http:\/\/tutraductorjurado.es\/wp-content\/uploads\/2017\/10\/tu-traductor-jurado-oficial.jpg"}],"twitter_card":"summary_large_image","twitter_site":"@tutraductorjur1","twitter_misc":{"Est. reading time":"4 minutes"},"schema":{"@context":"https:\/\/schema.org","@graph":[{"@type":"WebPage","@id":"https:\/\/tutraductorjurado.es\/traductor-ingles-espanol-oficial","url":"https:\/\/tutraductorjurado.es\/traductor-ingles-espanol-oficial","name":"Traductor Ingl\u00e9s Espa\u00f1ol Oficial - Tu Traductor Jurado","isPartOf":{"@id":"https:\/\/tutraductorjurado.es\/#website"},"datePublished":"2019-04-13T07:39:36+00:00","dateModified":"2024-07-08T14:36:18+00:00","description":"Traductor ingl\u00e9s espa\u00f1ol oficial - Yolanda P\u00e9rez - Traducciones juradas de ingl\u00e9s y espa\u00f1ol. T\u00edtulos, certificados, expedientes, penales, etc","breadcrumb":{"@id":"https:\/\/tutraductorjurado.es\/traductor-ingles-espanol-oficial#breadcrumb"},"inLanguage":"en-US","potentialAction":[{"@type":"ReadAction","target":["https:\/\/tutraductorjurado.es\/traductor-ingles-espanol-oficial"]}]},{"@type":"BreadcrumbList","@id":"https:\/\/tutraductorjurado.es\/traductor-ingles-espanol-oficial#breadcrumb","itemListElement":[{"@type":"ListItem","position":1,"name":"Portada","item":"https:\/\/tutraductorjurado.es\/"},{"@type":"ListItem","position":2,"name":"Traductor Ingl\u00e9s Espa\u00f1ol Oficial"}]},{"@type":"WebSite","@id":"https:\/\/tutraductorjurado.es\/#website","url":"https:\/\/tutraductorjurado.es\/","name":"Tu Traductor Jurado","description":"Spanish and English Sworn Translations - Official","publisher":{"@id":"https:\/\/tutraductorjurado.es\/#organization"},"potentialAction":[{"@type":"SearchAction","target":{"@type":"EntryPoint","urlTemplate":"https:\/\/tutraductorjurado.es\/?s={search_term_string}"},"query-input":"required name=search_term_string"}],"inLanguage":"en-US"},{"@type":"Organization","@id":"https:\/\/tutraductorjurado.es\/#organization","name":"Tu Traductor Jurado","url":"https:\/\/tutraductorjurado.es\/","logo":{"@type":"ImageObject","inLanguage":"en-US","@id":"https:\/\/tutraductorjurado.es\/#\/schema\/logo\/image\/","url":"http:\/\/tutraductorjurado.es\/wp-content\/uploads\/2017\/10\/cropped-tu-traductor-jurado-1.jpg","contentUrl":"http:\/\/tutraductorjurado.es\/wp-content\/uploads\/2017\/10\/cropped-tu-traductor-jurado-1.jpg","width":135,"height":70,"caption":"Tu Traductor Jurado"},"image":{"@id":"https:\/\/tutraductorjurado.es\/#\/schema\/logo\/image\/"},"sameAs":["https:\/\/www.facebook.com\/tutraductorjurado","https:\/\/twitter.com\/tutraductorjur1","https:\/\/www.youtube.com\/channel\/UCww9sd9wmEBtNSQePgkOsIQ"]}]}},"_links":{"self":[{"href":"https:\/\/tutraductorjurado.es\/en\/wp-json\/wp\/v2\/pages\/910"}],"collection":[{"href":"https:\/\/tutraductorjurado.es\/en\/wp-json\/wp\/v2\/pages"}],"about":[{"href":"https:\/\/tutraductorjurado.es\/en\/wp-json\/wp\/v2\/types\/page"}],"author":[{"embeddable":true,"href":"https:\/\/tutraductorjurado.es\/en\/wp-json\/wp\/v2\/users\/1"}],"replies":[{"embeddable":true,"href":"https:\/\/tutraductorjurado.es\/en\/wp-json\/wp\/v2\/comments?post=910"}],"version-history":[{"count":2,"href":"https:\/\/tutraductorjurado.es\/en\/wp-json\/wp\/v2\/pages\/910\/revisions"}],"predecessor-version":[{"id":2906,"href":"https:\/\/tutraductorjurado.es\/en\/wp-json\/wp\/v2\/pages\/910\/revisions\/2906"}],"wp:attachment":[{"href":"https:\/\/tutraductorjurado.es\/en\/wp-json\/wp\/v2\/media?parent=910"}],"curies":[{"name":"wp","href":"https:\/\/api.w.org\/{rel}","templated":true}]}}