{"id":798,"date":"2019-01-18T16:53:48","date_gmt":"2019-01-18T16:53:48","guid":{"rendered":"http:\/\/tutraductorjurado.es\/?page_id=798"},"modified":"2024-07-08T14:30:36","modified_gmt":"2024-07-08T14:30:36","slug":"traductor-jurado-vigo","status":"publish","type":"page","link":"https:\/\/tutraductorjurado.es\/en\/traductor-jurado-vigo","title":{"rendered":"Sworn Translator Vigo"},"content":{"rendered":"<h1 style=\"text-align: center;\"><span style=\"color: #003399;\">Official Spanish and English Sworn Translator Vigo<br \/>\n<\/span><\/h1>\n<h5>Sworn Translations in 24 and 48 hours at competitive prices.<\/h5>\n<p>There are no intermediaries, so the rates are very competitive, maintaining the highest quality.<\/p>\n<p>If you need a Sworn Translation, <b>contact me <\/b>without commitment\u00a0by email at <a href=\"mailto:yolanda@tutraductorjurado.es\">yolanda@tutraductorjurado.es<\/a><\/p>\n<p>You will receive the Sworn Translation by post quickly and easily, that is, the original document with the corresponding signature and with the stamp of Sworn Translator on each page.<\/p>\n<ul>\n<li><strong>Fast:<\/strong> you can receive the Sworn Translation in 48h<\/li>\n<li><strong>Economic:<\/strong> without intermediaries and with free shipping<\/li>\n<li><strong>Safe:<\/strong> guarantee of satisfaction. Each translation is managed in detail<\/li>\n<\/ul>\n<h2 style=\"text-align: center;\"><\/h2>\n<h2 style=\"text-align: center;\">RECEIVE A QUICK REPLY!<\/h2>\n<h3 style=\"text-align: center;\">Information<\/h3>\n<p style=\"text-align: center;\">\n<div class=\"wpcf7 no-js\" id=\"wpcf7-f91-o1\" lang=\"es-ES\" dir=\"ltr\">\n<div class=\"screen-reader-response\"><p role=\"status\" aria-live=\"polite\" aria-atomic=\"true\"><\/p> <ul><\/ul><\/div>\n<form action=\"\/en\/wp-json\/wp\/v2\/pages\/798#wpcf7-f91-o1\" method=\"post\" class=\"wpcf7-form init cf7skins cf7s-seaspray\" aria-label=\"Formulario de contacto\" enctype=\"multipart\/form-data\" novalidate=\"novalidate\" data-status=\"init\">\n<div style=\"display: none;\">\n<input type=\"hidden\" name=\"_wpcf7\" value=\"91\" \/>\n<input type=\"hidden\" name=\"_wpcf7_version\" value=\"5.8.4\" \/>\n<input type=\"hidden\" name=\"_wpcf7_locale\" value=\"es_ES\" \/>\n<input type=\"hidden\" name=\"_wpcf7_unit_tag\" value=\"wpcf7-f91-o1\" \/>\n<input type=\"hidden\" name=\"_wpcf7_container_post\" value=\"0\" \/>\n<input type=\"hidden\" name=\"_wpcf7_posted_data_hash\" value=\"\" \/>\n<\/div>\n<label> Your name (required)\n    <span class=\"wpcf7-form-control-wrap\" data-name=\"your-name\"><input size=\"40\" class=\"wpcf7-form-control wpcf7-text wpcf7-validates-as-required\" aria-required=\"true\" aria-invalid=\"false\" value=\"\" type=\"text\" name=\"your-name\" \/><\/span> <\/label>\n\n<label> Email (required)\n    <span class=\"wpcf7-form-control-wrap\" data-name=\"your-email\"><input size=\"40\" class=\"wpcf7-form-control wpcf7-email wpcf7-validates-as-required wpcf7-text wpcf7-validates-as-email\" aria-required=\"true\" aria-invalid=\"false\" value=\"\" type=\"email\" name=\"your-email\" \/><\/span> <\/label>\n\n<label> Telephone (required)\n<span class=\"wpcf7-form-control-wrap\" data-name=\"telefono\"><input size=\"40\" class=\"wpcf7-form-control wpcf7-tel wpcf7-validates-as-required wpcf7-text wpcf7-validates-as-tel\" aria-required=\"true\" aria-invalid=\"false\" value=\"\" type=\"tel\" name=\"telefono\" \/><\/span><\/label>\n\n<label> Deadline or date when you need your translation (required)\n    <span class=\"wpcf7-form-control-wrap\" data-name=\"fecha\"><input size=\"40\" class=\"wpcf7-form-control wpcf7-text wpcf7-validates-as-required\" aria-required=\"true\" aria-invalid=\"false\" value=\"\" type=\"text\" name=\"fecha\" \/><\/span> <\/label>\n\n<label> Delivery address(required)\n    <span class=\"wpcf7-form-control-wrap\" data-name=\"direccion\"><input size=\"40\" class=\"wpcf7-form-control wpcf7-text wpcf7-validates-as-required\" aria-required=\"true\" aria-invalid=\"false\" value=\"\" type=\"text\" name=\"direccion\" \/><\/span> <\/label>\n\n<span class=\"wpcf7-form-control-wrap\" data-name=\"idioma\"><select class=\"wpcf7-form-control wpcf7-select\" aria-invalid=\"false\" name=\"idioma\"><option value=\"English-Spanish\">English-Spanish<\/option><option value=\"Spanish-English\">Spanish-English<\/option><\/select><\/span>\n\n<label> Message\n    <span class=\"wpcf7-form-control-wrap\" data-name=\"your-message\"><textarea cols=\"40\" rows=\"10\" class=\"wpcf7-form-control wpcf7-textarea\" aria-invalid=\"false\" name=\"your-message\"><\/textarea><\/span> <\/label>\n\n<span class=\"wpcf7-form-control-wrap\" data-name=\"archivo\"><input size=\"40\" class=\"wpcf7-form-control wpcf7-file\" accept=\".pdf,.doc,.docx,.jpg,.jpeg,.png\" aria-invalid=\"false\" type=\"file\" name=\"archivo\" \/><\/span>\n<span class=\"wpcf7-form-control-wrap\" data-name=\"archivo1\"><input size=\"40\" class=\"wpcf7-form-control wpcf7-file\" accept=\".pdf,.doc,.docx,.jpg,.jpeg,.png\" aria-invalid=\"false\" type=\"file\" name=\"archivo1\" \/><\/span>\n<span class=\"wpcf7-form-control-wrap\" data-name=\"archivo2\"><input size=\"40\" class=\"wpcf7-form-control wpcf7-file\" accept=\".pdf,.doc,.docx,.jpg,.jpeg,.png\" aria-invalid=\"false\" type=\"file\" name=\"archivo2\" \/><\/span>\n<span class=\"wpcf7-form-control-wrap\" data-name=\"archivo3\"><input size=\"40\" class=\"wpcf7-form-control wpcf7-file\" accept=\".pdf,.doc,.docx,.jpg,.jpeg,.png\" aria-invalid=\"false\" type=\"file\" name=\"archivo3\" \/><\/span>\n<span class=\"wpcf7-form-control-wrap\" data-name=\"archivo4\"><input size=\"40\" class=\"wpcf7-form-control wpcf7-file\" accept=\".pdf,.doc,.docx,.jpg,.jpeg,.png\" aria-invalid=\"false\" type=\"file\" name=\"archivo4\" \/><\/span>\n\n<p><span class=\"wpcf7-form-control-wrap\" data-name=\"acceptance\"><span class=\"wpcf7-form-control wpcf7-acceptance\"><span class=\"wpcf7-list-item\"><input type=\"checkbox\" name=\"acceptance\" value=\"1\" aria-invalid=\"false\" \/><\/span><\/span><\/span> Seleccione la casilla para aceptar las siguientes<a href=\"http:\/\/tutraductorjurado.es\/politica-privacidad\" target=\"_blank\"> Pol\u00edtica de privacidad<\/a><\/p>\n<span class=\"wpcf7-form-control-wrap kc_captcha\" data-name=\"kc_captcha\"><span class=\"wpcf7-form-control wpcf7-radio\"><span class=\"captcha-image\" ><span class=\"cf7ic_instructions\">Por favor demuestra que eres humano, selecciona<span>  el avi\u00f3n<\/span>.<\/span><label><input type=\"radio\" name=\"kc_captcha\" value=\"bot\" \/><svg width=\"50\" height=\"50\" aria-hidden=\"true\" role=\"img\" xmlns=\"http:\/\/www.w3.org\/2000\/svg\" viewBox=\"0 0 576 512\"><path fill=\"currentColor\" d=\"M415 24c-53 0-103 42-127 65-24-23-74-65-127-65C70 24 16 77 16 166c0 72 67 133 69 135l187 181c9 8 23 8 32 0l187-180c2-3 69-64 69-136 0-89-54-142-145-142z\"\/><\/svg><\/label><label><input type=\"radio\" name=\"kc_captcha\" value=\"bot\" \/><svg width=\"50\" height=\"50\" aria-hidden=\"true\" role=\"img\" xmlns=\"http:\/\/www.w3.org\/2000\/svg\" viewBox=\"0 0 384 512\"><path fill=\"currentColor\" d=\"M377 375l-83-87h34c21 0 32-25 17-40l-82-88h33c21 0 32-25 18-40L210 8c-10-11-26-11-36 0L70 120c-14 15-3 40 18 40h33l-82 88c-15 15-4 40 17 40h34L7 375c-15 16-4 41 17 41h120c0 33-11 49-34 68-12 9-5 28 10 28h144c15 0 22-19 10-28-20-16-34-32-34-68h120c21 0 32-25 17-41z\"\/><\/svg><\/label><label><input type=\"radio\" name=\"kc_captcha\" value=\"kc_human\" \/><svg width=\"50\" height=\"50\" aria-hidden=\"true\" role=\"img\" xmlns=\"http:\/\/www.w3.org\/2000\/svg\" viewBox=\"0 0 576 512\"><path fill=\"currentColor\" d=\"M472 200H360L256 6a12 12 0 00-10-6h-58c-8 0-14 7-12 15l34 185H100l-35-58a12 12 0 00-10-6H12c-8 0-13 7-12 14l21 106L0 362c-1 7 4 14 12 14h43c4 0 8-2 10-6l35-58h110l-34 185c-2 8 4 15 12 15h58a12 12 0 0010-6l104-194h112c57 0 104-25 104-56s-47-56-104-56z\"\/><\/svg><\/label>\r\n    <\/span>\r\n    <span style=\"display:none\">\r\n        <input type=\"text\" name=\"kc_honeypot\">\r\n    <\/span><\/span><\/span>\n<input class=\"wpcf7-form-control wpcf7-submit has-spinner\" type=\"submit\" value=\"Send\" \/><p style=\"display: none !important;\"><label>&#916;<textarea name=\"_wpcf7_ak_hp_textarea\" cols=\"45\" rows=\"8\" maxlength=\"100\"><\/textarea><\/label><input type=\"hidden\" id=\"ak_js_1\" name=\"_wpcf7_ak_js\" value=\"176\"\/><script>document.getElementById( \"ak_js_1\" ).setAttribute( \"value\", ( new Date() ).getTime() );<\/script><\/p><div class=\"wpcf7-response-output\" aria-hidden=\"true\"><\/div>\n<\/form>\n<\/div>\n<\/p>\n<p style=\"text-align: center;\"><img decoding=\"async\" loading=\"lazy\" class=\"alignnone wp-image-261 size-full\" src=\"http:\/\/tutraductorjurado.es\/wp-content\/uploads\/2017\/10\/official-sworn-translator-spanish.jpg\" alt=\"official sworn translator spanish\" width=\"1000\" height=\"350\" srcset=\"https:\/\/tutraductorjurado.es\/wp-content\/uploads\/2017\/10\/official-sworn-translator-spanish.jpg 1000w, https:\/\/tutraductorjurado.es\/wp-content\/uploads\/2017\/10\/official-sworn-translator-spanish-300x105.jpg 300w, https:\/\/tutraductorjurado.es\/wp-content\/uploads\/2017\/10\/official-sworn-translator-spanish-768x269.jpg 768w\" sizes=\"(max-width: 1000px) 100vw, 1000px\" \/><\/p>\n<h5>Get your translations with the Official Stamp, 100% valid in Spain and abroad.<\/h5>\n<p>A Sworn Translation can only be done by a Sworn Translator appointed by the Ministry of Foreign Affairs (MAEC). Be sure to order the translation to an Official Translator, or the translation will not be valid.<\/p>\n<p>The Sworn Translation is valid for Ministries, Institutes, Courts, Town Halls, Embassies, etc.<\/p>\n<ul>\n<li>The translation must include a statement from the Sworn Translator certifying that it is a true and complete translation, with the date, signature and stamp of the Sworn Translator.<\/li>\n<li>In addition, a copy of the original must be attached, which must be dated and stamped on all its pages.<\/li>\n<\/ul>\n<p>These are the most common translations:<\/p>\n<div class='content-column one_third'><ul>\n<li>University Degree<\/li>\n<li>Academic certification<\/li>\n<li>Academic records<\/li>\n<li>Recommendation letters<\/li>\n<li>Death certificate<\/li>\n<li>Certificate of disability<\/li>\n<\/ul><\/div>\n<div class='content-column one_third'><ul>\n<li>Certificate of registration<\/li>\n<li>Marriage certificate<\/li>\n<li>Medical certificate<\/li>\n<li>Birth certificate<\/li>\n<li>ID<\/li>\n<li>Family Book<\/li>\n<\/ul><\/div>\n<div class='content-column one_third last_column'><ul>\n<li>Bills<\/li>\n<li>Criminal records<\/li>\n<li>Clinic history<\/li>\n<li>Driving license<\/li>\n<\/ul><\/div><div class='clear_column'><\/div>\n<p>All these translations are valid before the authorities and official organisms and they contain the stamp and signature of the Sworn Translator.<\/p>\n<p>* We offer special prices for Sworn Translation of documents such as official degrees and diplomas<\/p>\n<p><img decoding=\"async\" loading=\"lazy\" class=\"aligncenter\" src=\"http:\/\/tutraductorjurado.es\/wp-content\/uploads\/2017\/10\/traducciones-juradas-ingl\u00e9s.jpg\" sizes=\"(max-width: 500px) 100vw, 500px\" srcset=\"http:\/\/tutraductorjurado.es\/wp-content\/uploads\/2017\/10\/traducciones-juradas-ingl\u00e9s.jpg 500w, http:\/\/tutraductorjurado.es\/wp-content\/uploads\/2017\/10\/traducciones-juradas-ingl\u00e9s-300x180.jpg 300w\" alt=\"\" width=\"500\" height=\"300\" \/><\/p>\n","protected":false},"excerpt":{"rendered":"<p>Official Spanish and English Sworn Translator Vigo Sworn Translations in 24 and 48 hours at&#8230;<\/p>\n","protected":false},"author":1,"featured_media":0,"parent":0,"menu_order":0,"comment_status":"closed","ping_status":"closed","template":"","meta":{"_mi_skip_tracking":false,"_monsterinsights_sitenote_active":false,"_monsterinsights_sitenote_note":"","_monsterinsights_sitenote_category":0,"footnotes":""},"translation":{"provider":"WPGlobus","version":"2.12.2","language":"en","enabled_languages":["es","en"],"languages":{"es":{"title":true,"content":true,"excerpt":false},"en":{"title":true,"content":true,"excerpt":false}}},"yoast_head":"<!-- This site is optimized with the Yoast SEO plugin v21.6 - https:\/\/yoast.com\/wordpress\/plugins\/seo\/ -->\n<title>Sworn Translator Vigo - Tu Traductor Jurado - English and Spanish<\/title>\n<meta name=\"robots\" content=\"index, follow, max-snippet:-1, max-image-preview:large, max-video-preview:-1\" \/>\n<link rel=\"canonical\" href=\"https:\/\/tutraductorjurado.es\/traductor-jurado-vigo\" \/>\n<meta property=\"og:locale\" content=\"en_US\" \/>\n<meta property=\"og:type\" content=\"article\" \/>\n<meta property=\"og:title\" content=\"Sworn Translator Vigo - Tu Traductor Jurado - English and Spanish\" \/>\n<meta property=\"og:url\" content=\"https:\/\/tutraductorjurado.es\/traductor-jurado-vigo\" \/>\n<meta property=\"og:site_name\" content=\"Tu Traductor Jurado\" \/>\n<meta property=\"article:publisher\" content=\"https:\/\/www.facebook.com\/tutraductorjurado\" \/>\n<meta property=\"article:modified_time\" content=\"2024-07-08T14:30:36+00:00\" \/>\n<meta property=\"og:image\" content=\"http:\/\/tutraductorjurado.es\/wp-content\/uploads\/2017\/10\/tu-traductor-jurado-oficial.jpg\" \/>\n<meta name=\"twitter:card\" content=\"summary_large_image\" \/>\n<meta name=\"twitter:site\" content=\"@tutraductorjur1\" \/>\n<meta name=\"twitter:label1\" content=\"Tiempo de lectura\" \/>\n\t<meta name=\"twitter:data1\" content=\"2 minutes\" \/>\n<script type=\"application\/ld+json\" class=\"yoast-schema-graph\">{\"@context\":\"https:\/\/schema.org\",\"@graph\":[{\"@type\":\"WebPage\",\"@id\":\"https:\/\/tutraductorjurado.es\/traductor-jurado-vigo\",\"url\":\"https:\/\/tutraductorjurado.es\/traductor-jurado-vigo\",\"name\":\"Sworn Translator Vigo - Yolanda P\u00e9rez - Sin intermediarios\",\"isPartOf\":{\"@id\":\"https:\/\/tutraductorjurado.es\/#website\"},\"datePublished\":\"2019-01-18T16:53:48+00:00\",\"dateModified\":\"2024-07-08T14:30:36+00:00\",\"description\":\"Yolanda - Traductor Jurado Vigo. Traductor oficial de ingl\u00e9s y espa\u00f1ol, certificada por MAEC. Env\u00edos 24h a Pen\u00ednsula y Baleares. Certificados\",\"breadcrumb\":{\"@id\":\"https:\/\/tutraductorjurado.es\/traductor-jurado-vigo#breadcrumb\"},\"inLanguage\":\"en-US\",\"potentialAction\":[{\"@type\":\"ReadAction\",\"target\":[\"https:\/\/tutraductorjurado.es\/traductor-jurado-vigo\"]}]},{\"@type\":\"BreadcrumbList\",\"@id\":\"https:\/\/tutraductorjurado.es\/traductor-jurado-vigo#breadcrumb\",\"itemListElement\":[{\"@type\":\"ListItem\",\"position\":1,\"name\":\"Portada\",\"item\":\"https:\/\/tutraductorjurado.es\/\"},{\"@type\":\"ListItem\",\"position\":2,\"name\":\"Traductor Jurado Vigo\"}]},{\"@type\":\"WebSite\",\"@id\":\"https:\/\/tutraductorjurado.es\/#website\",\"url\":\"https:\/\/tutraductorjurado.es\/\",\"name\":\"Tu Traductor Jurado\",\"description\":\"Spanish and English Sworn Translations - Official\",\"publisher\":{\"@id\":\"https:\/\/tutraductorjurado.es\/#organization\"},\"potentialAction\":[{\"@type\":\"SearchAction\",\"target\":{\"@type\":\"EntryPoint\",\"urlTemplate\":\"https:\/\/tutraductorjurado.es\/?s={search_term_string}\"},\"query-input\":\"required name=search_term_string\"}],\"inLanguage\":\"en-US\"},{\"@type\":\"Organization\",\"@id\":\"https:\/\/tutraductorjurado.es\/#organization\",\"name\":\"Tu Traductor Jurado\",\"url\":\"https:\/\/tutraductorjurado.es\/\",\"logo\":{\"@type\":\"ImageObject\",\"inLanguage\":\"en-US\",\"@id\":\"https:\/\/tutraductorjurado.es\/#\/schema\/logo\/image\/\",\"url\":\"http:\/\/tutraductorjurado.es\/wp-content\/uploads\/2017\/10\/cropped-tu-traductor-jurado-1.jpg\",\"contentUrl\":\"http:\/\/tutraductorjurado.es\/wp-content\/uploads\/2017\/10\/cropped-tu-traductor-jurado-1.jpg\",\"width\":135,\"height\":70,\"caption\":\"Tu Traductor Jurado\"},\"image\":{\"@id\":\"https:\/\/tutraductorjurado.es\/#\/schema\/logo\/image\/\"},\"sameAs\":[\"https:\/\/www.facebook.com\/tutraductorjurado\",\"https:\/\/twitter.com\/tutraductorjur1\",\"https:\/\/www.youtube.com\/channel\/UCww9sd9wmEBtNSQePgkOsIQ\"]}]}<\/script>\n<!-- \/ Yoast SEO plugin. -->","yoast_head_json":{"title":"Sworn Translator Vigo - Tu Traductor Jurado - English and Spanish","robots":{"index":"index","follow":"follow","max-snippet":"max-snippet:-1","max-image-preview":"max-image-preview:large","max-video-preview":"max-video-preview:-1"},"canonical":"https:\/\/tutraductorjurado.es\/traductor-jurado-vigo","og_locale":"en_US","og_type":"article","og_title":"Sworn Translator Vigo - Tu Traductor Jurado - English and Spanish","og_url":"https:\/\/tutraductorjurado.es\/traductor-jurado-vigo","og_site_name":"Tu Traductor Jurado","article_publisher":"https:\/\/www.facebook.com\/tutraductorjurado","article_modified_time":"2024-07-08T14:30:36+00:00","og_image":[{"url":"http:\/\/tutraductorjurado.es\/wp-content\/uploads\/2017\/10\/tu-traductor-jurado-oficial.jpg"}],"twitter_card":"summary_large_image","twitter_site":"@tutraductorjur1","twitter_misc":{"Tiempo de lectura":"2 minutes"},"schema":{"@context":"https:\/\/schema.org","@graph":[{"@type":"WebPage","@id":"https:\/\/tutraductorjurado.es\/traductor-jurado-vigo","url":"https:\/\/tutraductorjurado.es\/traductor-jurado-vigo","name":"Sworn Translator Vigo - Yolanda P\u00e9rez - Sin intermediarios","isPartOf":{"@id":"https:\/\/tutraductorjurado.es\/#website"},"datePublished":"2019-01-18T16:53:48+00:00","dateModified":"2024-07-08T14:30:36+00:00","description":"Yolanda - Traductor Jurado Vigo. Traductor oficial de ingl\u00e9s y espa\u00f1ol, certificada por MAEC. Env\u00edos 24h a Pen\u00ednsula y Baleares. Certificados","breadcrumb":{"@id":"https:\/\/tutraductorjurado.es\/traductor-jurado-vigo#breadcrumb"},"inLanguage":"en-US","potentialAction":[{"@type":"ReadAction","target":["https:\/\/tutraductorjurado.es\/traductor-jurado-vigo"]}]},{"@type":"BreadcrumbList","@id":"https:\/\/tutraductorjurado.es\/traductor-jurado-vigo#breadcrumb","itemListElement":[{"@type":"ListItem","position":1,"name":"Portada","item":"https:\/\/tutraductorjurado.es\/"},{"@type":"ListItem","position":2,"name":"Traductor Jurado Vigo"}]},{"@type":"WebSite","@id":"https:\/\/tutraductorjurado.es\/#website","url":"https:\/\/tutraductorjurado.es\/","name":"Tu Traductor Jurado","description":"Spanish and English Sworn Translations - Official","publisher":{"@id":"https:\/\/tutraductorjurado.es\/#organization"},"potentialAction":[{"@type":"SearchAction","target":{"@type":"EntryPoint","urlTemplate":"https:\/\/tutraductorjurado.es\/?s={search_term_string}"},"query-input":"required name=search_term_string"}],"inLanguage":"en-US"},{"@type":"Organization","@id":"https:\/\/tutraductorjurado.es\/#organization","name":"Tu Traductor Jurado","url":"https:\/\/tutraductorjurado.es\/","logo":{"@type":"ImageObject","inLanguage":"en-US","@id":"https:\/\/tutraductorjurado.es\/#\/schema\/logo\/image\/","url":"http:\/\/tutraductorjurado.es\/wp-content\/uploads\/2017\/10\/cropped-tu-traductor-jurado-1.jpg","contentUrl":"http:\/\/tutraductorjurado.es\/wp-content\/uploads\/2017\/10\/cropped-tu-traductor-jurado-1.jpg","width":135,"height":70,"caption":"Tu Traductor Jurado"},"image":{"@id":"https:\/\/tutraductorjurado.es\/#\/schema\/logo\/image\/"},"sameAs":["https:\/\/www.facebook.com\/tutraductorjurado","https:\/\/twitter.com\/tutraductorjur1","https:\/\/www.youtube.com\/channel\/UCww9sd9wmEBtNSQePgkOsIQ"]}]}},"_links":{"self":[{"href":"https:\/\/tutraductorjurado.es\/en\/wp-json\/wp\/v2\/pages\/798"}],"collection":[{"href":"https:\/\/tutraductorjurado.es\/en\/wp-json\/wp\/v2\/pages"}],"about":[{"href":"https:\/\/tutraductorjurado.es\/en\/wp-json\/wp\/v2\/types\/page"}],"author":[{"embeddable":true,"href":"https:\/\/tutraductorjurado.es\/en\/wp-json\/wp\/v2\/users\/1"}],"replies":[{"embeddable":true,"href":"https:\/\/tutraductorjurado.es\/en\/wp-json\/wp\/v2\/comments?post=798"}],"version-history":[{"count":1,"href":"https:\/\/tutraductorjurado.es\/en\/wp-json\/wp\/v2\/pages\/798\/revisions"}],"predecessor-version":[{"id":2884,"href":"https:\/\/tutraductorjurado.es\/en\/wp-json\/wp\/v2\/pages\/798\/revisions\/2884"}],"wp:attachment":[{"href":"https:\/\/tutraductorjurado.es\/en\/wp-json\/wp\/v2\/media?parent=798"}],"curies":[{"name":"wp","href":"https:\/\/api.w.org\/{rel}","templated":true}]}}