{"id":616,"date":"2018-03-29T11:58:14","date_gmt":"2018-03-29T11:58:14","guid":{"rendered":"http:\/\/tutraductorjurado.es\/?page_id=616"},"modified":"2024-10-06T18:52:24","modified_gmt":"2024-10-06T18:52:24","slug":"politica-privacidad","status":"publish","type":"page","link":"https:\/\/tutraductorjurado.es\/en\/politica-privacidad","title":{"rendered":"Pol\u00edtica de privacidad"},"content":{"rendered":"<div class=\"column\" style=\"caret-color: #000000; color: #000000; font-family: -webkit-standard;\">\n<h2 style=\"text-align: center;\">POL\u00cdTICA DE PRIVACIDAD<\/h2>\n<h4>1. Identificaci\u00f3n y datos de contacto del Responsable del tratamiento<\/h4>\n<p>YOLANDA P\u00c9REZ CARBALLO,\u00a0 responsable del tratamiento de datos de car\u00e1cter personal, facilita la informaci\u00f3n sobre el uso que realizar\u00e1 de los datos personales.<br \/>\nLa presente Pol\u00edtica de Privacidad tiene por objeto facilitar informaci\u00f3n sobre los derechos que asisten tanto al Usuario como al Visitante en virtud del Reglamento General de Protecci\u00f3n de Datos (\u201cRGPD\u201d). Si tiene cualquier duda relativa al tratamiento de sus datos personales, contacte con YOLANDA P\u00c9REZ CARBALLO a trav\u00e9s del correo electr\u00f3nico yolanda@tutraductorjurado.es<br \/>\nAsimismo, pone a su disposici\u00f3n la informaci\u00f3n relativa a la LSSICE visitando el Aviso Legal de nuestra web.<\/p>\n<h4>2. Informaci\u00f3n general: descripci\u00f3n de la informaci\u00f3n contenida en la pol\u00edtica de privacidad<\/h4>\n<p>En la presente pol\u00edtica de privacidad encontrar\u00e1 el tratamiento de datos de los diferentes servicios ofrecido por YOLANDA P\u00c9REZ CARBALLO<\/p>\n<p>En cada servicio se le informar\u00e1 sobre:<\/p>\n<p>Las finalidades del tratamiento de tus datos personales, esto es, el motivo por el cual YOLANDA P\u00c9REZ CARBALLO trata tus datos personales.<\/p>\n<p>Las bases legales que permiten el tratamiento de datos por parte de YOLANDA P\u00c9REZ CARBALLO para cada una de las finalidades indicadas.<\/p>\n<p>La posible comunicaci\u00f3n de tus datos a terceros, as\u00ed como la causa de dicha comunicaci\u00f3n. A estos efectos, te informamos de que no cedemos tus datos personales a terceros salvo cuando exista una obligaci\u00f3n legal (Hacienda P\u00fablica, Jueces y Tribunales, Fuerzas y Cuerpos de Seguridad,&#8230;) o expresamente lo indiquemos a continuaci\u00f3n.<\/p>\n<p>El plazo de conservaci\u00f3n de los datos que nos facilites. A estos efectos te informamos que conservamos tus datos personales durante toda la vigencia de la relaci\u00f3n contractual o por un per\u00edodo superior si as\u00ed nos lo has autorizado. Asimismo, te informamos que tus datos permanecer\u00e1n bloqueados para la atenci\u00f3n de reclamaciones judiciales, administrativas o fiscales, por los plazos que legalmente determine cada normativa que resulte de aplicaci\u00f3n.<\/p>\n<h4>3. Informaci\u00f3n necesaria y actualizada<\/h4>\n<p>Para que la informaci\u00f3n facilitada est\u00e9 siempre actualizada y no contenga errores, deber\u00e1s comunicar a YOLANDA P\u00c9REZ CARBALLO, a la mayor brevedad posible, las modificaciones y rectificaciones de tus datos de car\u00e1cter personal que se vayan produciendo a trav\u00e9s de un correo electr\u00f3nico a la direcci\u00f3n yolanda@tutraductorjurado.es.<\/p>\n<h4>4. Ejercicio de tus derechos<\/h4>\n<p>Le informamos de que podr\u00e1 ejercer los siguientes derechos:<\/p>\n<ul>\n<li>Derecho de acceso a sus datos personales para saber cu\u00e1les est\u00e1n siendo objeto de tratamiento y las operaciones de tratamiento llevadas a cabo con ellos.<\/li>\n<li>Derecho de rectificaci\u00f3n de cualquier dato personal inexacto.<\/li>\n<li>Derecho de supresi\u00f3n de sus datos personales, cuando esto sea posible.<\/li>\n<li>Derecho a solicitar la limitaci\u00f3n del tratamiento de sus datos personales cuando la exactitud, la legalidad o la necesidad del tratamiento de los datos resulte dudosa, en cuyo caso, podremos conservar los datos conservarlos para el ejercicio o la defensa de reclamaciones.<\/li>\n<li>Derecho de oposici\u00f3n al tratamiento de sus datos personales, cuando la base legal que nos habilite para su tratamiento de las indicadas en la tabla arriba incluida sea el inter\u00e9s leg\u00edtimo.<\/li>\n<li>YOLANDA P\u00c9REZ CARBALLO dejar\u00e1 de tratar sus datos salvo que tenga un inter\u00e9s leg\u00edtimo imperioso o para la formulaci\u00f3n, el ejercicio o la defensa de reclamaciones.<\/li>\n<li>Derecho a la portabilidad de sus datos, cuando la base legal que nos habilite para su tratamiento de las indicadas en la tabla arriba incluida sea la existencia de una relaci\u00f3n contractual o tu consentimiento.<\/li>\n<li>Derecho a revocar el consentimiento otorgado a yolanda@tutraductorjurado.es. Podr\u00e1 ejercitar tus derechos en cualquier momento y de forma gratuita de las siguientes formas:<\/li>\n<li>Dirigiendo un correo electr\u00f3nico a la direcci\u00f3n yolanda@<span style=\"font-size: medium;\">tutraductorjurado.es<\/span>, indicando el derecho que desea ejercitar, sus datos identificativos y una copia del DNI.<\/li>\n<\/ul>\n<div class=\"page\" title=\"Page 2\">\n<div class=\"layoutArea\">\n<div class=\"column\">\n<h4>5. Informaci\u00f3n detallada del tratamiento de datos realizados por servicio<\/h4>\n<\/div>\n<\/div>\n<\/div>\n<p><strong>Tratamiento de datos de clientes:<\/strong><br \/>\nFinalidad del tratamiento: Gesti\u00f3n contable, fiscal y administrativa. Servicio de traducci\u00f3n.<br \/>\nCategor\u00edas de interesados: Clientes y usuarios con los que se mantiene una relaci\u00f3n comercial. Categor\u00eda de datos personales: Los necesarios para mantener la relaci\u00f3n comercial y emisi\u00f3n de facturas.<br \/>\nDestinatarios: Administraci\u00f3n p\u00fablica con competencia en la materia, bancos y cajas.<br \/>\nPlazos de conservaci\u00f3n: Mientras exista una relaci\u00f3n comercial y posteriormente los previstos por la legislaci\u00f3n fiscal respecto a la prescripci\u00f3n de responsabilidades.<\/p>\n<p><strong>Tratamiento de datos de proveedores y contactos:<\/strong><\/p>\n<p>Finalidad del tratamiento: Gesti\u00f3n contable, fiscal y administrativa.<br \/>\nCategor\u00edas de interesados: Proveedores y contactos que proporcionan productos y\/o servicios. Categor\u00eda de datos personales: Los necesarios para mantener la relaci\u00f3n comercial y emisi\u00f3n de facturas.<br \/>\nDestinatarios: Administraci\u00f3n p\u00fablica con competencia en la materia, bancos y cajas.<br \/>\nPlazos de conservaci\u00f3n: Mientras exista una relaci\u00f3n comercial y posteriormente los previstos por la legislaci\u00f3n fiscal respecto a la prescripci\u00f3n de responsabilidades.<\/p>\n<\/div>\n<div class=\"page\" style=\"caret-color: #000000; color: #000000; font-family: -webkit-standard;\" title=\"Page 3\">\n<div class=\"layoutArea\">\n<div class=\"column\">\n<h4>6. Seguridad<\/h4>\n<p>YOLANDA P\u00c9REZ CARBALLO ha implementado y mantiene los niveles de seguridad exigidos por el RGPD para proteger los datos de car\u00e1cter personal de los usuarios frente a p\u00e9rdidas fortuitas y a accesos, tratamientos o revelaciones no autorizados, habida cuenta del estado de la tecnolog\u00eda, la naturaleza de los datos almacenados y los riesgos a que est\u00e1n expuestos. Una vez recibidos sus datos, YOLANDA P\u00c9REZ CARBALLO utilizar\u00e1 rigurosos procedimientos y funciones de seguridad para impedir cualquier acceso no autorizado.<\/p>\n<h4>7. Confidencialidad<\/h4>\n<p>Los datos personales que podamos recabar a trav\u00e9s del Sitio Web o por medio de las distintas comunicaciones que mantengamos contigo ser\u00e1n tratados con confidencialidad, comprometi\u00e9ndonos a guardar secreto respecto de los mismos de acuerdo con lo establecido en la legislaci\u00f3n aplicable.<\/p>\n<h4>8. Actualizaci\u00f3n de la pol\u00edtica de privacidad<\/h4>\n<\/div>\n<\/div>\n<\/div>\n<p><span style=\"caret-color: #000000; color: #000000; font-family: -webkit-standard;\">Es posible que se deba actualizar est<\/span><span style=\"caret-color: #000000; font-family: -webkit-standard;\">a Pol\u00edtica de Privacidad, por ello es necesario que revises esta pol\u00edtica peri\u00f3dicamente y si es posible cada vez que accedas al Sitio Web con el objetivo de estar adecuadamente informado sobre el tipo <\/span><span style=\"caret-color: #000000; color: #000000; font-family: -webkit-standard;\">de informaci\u00f3n recopilada y su tratamiento. Puedes encontrar la Pol\u00edtica de Privacidad al pie del Sitio Web.<\/span><\/p>\n<div class=\"page\" style=\"caret-color: #000000; color: #000000; font-family: -webkit-standard;\" title=\"Page 3\">\n<div class=\"layoutArea\">\n<div class=\"column\">\n<h4>9. Condiciones del servicio<\/h4>\n<\/div>\n<\/div>\n<\/div>\n<p style=\"text-align: justify;\"><span style=\"color: #000000;\">La traductora jurada se compromete a realizar la traducci\u00f3n jurada en el plazo establecido una vez el cliente haya comunicado por email la realizaci\u00f3n de la transferencia con el importe presupuestado y con justificante de abono adjuntado en el mismo email. Dicha traducci\u00f3n jurada, se enviar\u00e1 en el plazo establecido por email, una vez finalizada, as\u00ed como por correo postal. La traductora jurada no podr\u00e1 responsabilizarse civilmente\u00a0por eventuales retrasos en el servicio de correos durante el env\u00edo de los documentos debidamente traducidos y completados dentro del plazo solicitado por el cliente, y acordado con la traductora. El plazo acordado y cumplido comienza en el momento en que se env\u00eda justificante de abono por email y termina en el momento en que la traductora jurada hace entrega de los referidos documentos al servicio de mensajer\u00eda, cuyo compromiso es la entrega en 24h. Los mensajeros est\u00e1n monitorizados por GPS desde la central para comprobar que est\u00e1n haciendo correctamente su trabajo, pero si por alguna raz\u00f3n, la empresa de mensajer\u00eda no pudiera entregar el sobre en el plazo de 24h establecido (por no estar el cliente en el domicilio, extrav\u00edo de documento o cualquier otra raz\u00f3n) la traductora jurada no puede responsabilizarse de las consecuencias por no haber recibido el sobre con la documentaci\u00f3n tal y como hab\u00eda sido acordado. No obstante, s\u00ed har\u00e1 todo lo que est\u00e9 en su mano para acompa\u00f1arle y ayudarle a que obtenga sus documentos lo m\u00e1s r\u00e1pido posible. El env\u00edo es gratuito para toda Espa\u00f1a, e incluye que el repartidor pase hasta una segunda vez por su domicilio si la primera vez estaba ausente. Si se diera el caso de que la segunda vez tampoco se hallara en el domicilio, en el horario normal de reparto, de 9h a 19h, la \u00fanica opci\u00f3n posible ser\u00eda que usted lo recogiera en la oficina de mensajer\u00eda m\u00e1s cercana a su domicilio y que la traductora le indicar\u00eda.<\/span><\/p>\n<p style=\"text-align: justify;\"><span style=\"color: #000000;\">Se recomienda en ese sentido que los clientes busquen los servicios de traducci\u00f3n jurada con antelaci\u00f3n, sin dejarlo para el \u00faltimo momento, especialmente si hay consecuencias jur\u00eddicas por p\u00e9rdidas de plazos a la hora de entregar la documentaci\u00f3n en el organismo receptor.<\/span><\/p>\n","protected":false},"excerpt":{"rendered":"<p>POL\u00cdTICA DE PRIVACIDAD 1. Identificaci\u00f3n y datos de contacto del Responsable del tratamiento YOLANDA P\u00c9REZ&#8230;<\/p>\n","protected":false},"author":1,"featured_media":0,"parent":0,"menu_order":0,"comment_status":"closed","ping_status":"closed","template":"","meta":{"_mi_skip_tracking":false,"_monsterinsights_sitenote_active":false,"_monsterinsights_sitenote_note":"","_monsterinsights_sitenote_category":0,"footnotes":""},"translation":{"provider":"WPGlobus","version":"2.12.2","language":"en","enabled_languages":["es","en"],"languages":{"es":{"title":true,"content":true,"excerpt":false},"en":{"title":false,"content":false,"excerpt":false}}},"yoast_head":"<!-- This site is optimized with the Yoast SEO plugin v21.6 - https:\/\/yoast.com\/wordpress\/plugins\/seo\/ -->\n<title>Pol\u00edtica de privacidad - Tu Traductor Jurado<\/title>\n<meta name=\"robots\" content=\"index, follow, max-snippet:-1, max-image-preview:large, max-video-preview:-1\" \/>\n<link rel=\"canonical\" href=\"https:\/\/tutraductorjurado.es\/politica-privacidad\" \/>\n<meta property=\"og:locale\" content=\"en_US\" \/>\n<meta property=\"og:type\" content=\"article\" \/>\n<meta property=\"og:title\" content=\"Pol\u00edtica de privacidad - Tu Traductor Jurado\" \/>\n<meta property=\"og:url\" content=\"https:\/\/tutraductorjurado.es\/politica-privacidad\" \/>\n<meta property=\"og:site_name\" content=\"Tu Traductor Jurado\" \/>\n<meta property=\"article:publisher\" content=\"https:\/\/www.facebook.com\/tutraductorjurado\" \/>\n<meta property=\"article:modified_time\" content=\"2024-10-06T18:52:24+00:00\" \/>\n<meta name=\"twitter:card\" content=\"summary_large_image\" \/>\n<meta name=\"twitter:site\" content=\"@tutraductorjur1\" \/>\n<meta name=\"twitter:label1\" content=\"Est. reading time\" \/>\n\t<meta name=\"twitter:data1\" content=\"7 minutes\" \/>\n<script type=\"application\/ld+json\" class=\"yoast-schema-graph\">{\"@context\":\"https:\/\/schema.org\",\"@graph\":[{\"@type\":\"WebPage\",\"@id\":\"https:\/\/tutraductorjurado.es\/politica-privacidad\",\"url\":\"https:\/\/tutraductorjurado.es\/politica-privacidad\",\"name\":\"Pol\u00edtica de privacidad - Tu Traductor Jurado\",\"isPartOf\":{\"@id\":\"https:\/\/tutraductorjurado.es\/#website\"},\"datePublished\":\"2018-03-29T11:58:14+00:00\",\"dateModified\":\"2024-10-06T18:52:24+00:00\",\"breadcrumb\":{\"@id\":\"https:\/\/tutraductorjurado.es\/politica-privacidad#breadcrumb\"},\"inLanguage\":\"en-US\",\"potentialAction\":[{\"@type\":\"ReadAction\",\"target\":[\"https:\/\/tutraductorjurado.es\/politica-privacidad\"]}]},{\"@type\":\"BreadcrumbList\",\"@id\":\"https:\/\/tutraductorjurado.es\/politica-privacidad#breadcrumb\",\"itemListElement\":[{\"@type\":\"ListItem\",\"position\":1,\"name\":\"Portada\",\"item\":\"https:\/\/tutraductorjurado.es\/\"},{\"@type\":\"ListItem\",\"position\":2,\"name\":\"Pol\u00edtica de privacidad\"}]},{\"@type\":\"WebSite\",\"@id\":\"https:\/\/tutraductorjurado.es\/#website\",\"url\":\"https:\/\/tutraductorjurado.es\/\",\"name\":\"Tu Traductor Jurado\",\"description\":\"Spanish and English Sworn Translations - Official\",\"publisher\":{\"@id\":\"https:\/\/tutraductorjurado.es\/#organization\"},\"potentialAction\":[{\"@type\":\"SearchAction\",\"target\":{\"@type\":\"EntryPoint\",\"urlTemplate\":\"https:\/\/tutraductorjurado.es\/?s={search_term_string}\"},\"query-input\":\"required name=search_term_string\"}],\"inLanguage\":\"en-US\"},{\"@type\":\"Organization\",\"@id\":\"https:\/\/tutraductorjurado.es\/#organization\",\"name\":\"Tu Traductor Jurado\",\"url\":\"https:\/\/tutraductorjurado.es\/\",\"logo\":{\"@type\":\"ImageObject\",\"inLanguage\":\"en-US\",\"@id\":\"https:\/\/tutraductorjurado.es\/#\/schema\/logo\/image\/\",\"url\":\"http:\/\/tutraductorjurado.es\/wp-content\/uploads\/2017\/10\/cropped-tu-traductor-jurado-1.jpg\",\"contentUrl\":\"http:\/\/tutraductorjurado.es\/wp-content\/uploads\/2017\/10\/cropped-tu-traductor-jurado-1.jpg\",\"width\":135,\"height\":70,\"caption\":\"Tu Traductor Jurado\"},\"image\":{\"@id\":\"https:\/\/tutraductorjurado.es\/#\/schema\/logo\/image\/\"},\"sameAs\":[\"https:\/\/www.facebook.com\/tutraductorjurado\",\"https:\/\/twitter.com\/tutraductorjur1\",\"https:\/\/www.youtube.com\/channel\/UCww9sd9wmEBtNSQePgkOsIQ\"]}]}<\/script>\n<!-- \/ Yoast SEO plugin. -->","yoast_head_json":{"title":"Pol\u00edtica de privacidad - Tu Traductor Jurado","robots":{"index":"index","follow":"follow","max-snippet":"max-snippet:-1","max-image-preview":"max-image-preview:large","max-video-preview":"max-video-preview:-1"},"canonical":"https:\/\/tutraductorjurado.es\/politica-privacidad","og_locale":"en_US","og_type":"article","og_title":"Pol\u00edtica de privacidad - Tu Traductor Jurado","og_url":"https:\/\/tutraductorjurado.es\/politica-privacidad","og_site_name":"Tu Traductor Jurado","article_publisher":"https:\/\/www.facebook.com\/tutraductorjurado","article_modified_time":"2024-10-06T18:52:24+00:00","twitter_card":"summary_large_image","twitter_site":"@tutraductorjur1","twitter_misc":{"Est. reading time":"7 minutes"},"schema":{"@context":"https:\/\/schema.org","@graph":[{"@type":"WebPage","@id":"https:\/\/tutraductorjurado.es\/politica-privacidad","url":"https:\/\/tutraductorjurado.es\/politica-privacidad","name":"Pol\u00edtica de privacidad - Tu Traductor Jurado","isPartOf":{"@id":"https:\/\/tutraductorjurado.es\/#website"},"datePublished":"2018-03-29T11:58:14+00:00","dateModified":"2024-10-06T18:52:24+00:00","breadcrumb":{"@id":"https:\/\/tutraductorjurado.es\/politica-privacidad#breadcrumb"},"inLanguage":"en-US","potentialAction":[{"@type":"ReadAction","target":["https:\/\/tutraductorjurado.es\/politica-privacidad"]}]},{"@type":"BreadcrumbList","@id":"https:\/\/tutraductorjurado.es\/politica-privacidad#breadcrumb","itemListElement":[{"@type":"ListItem","position":1,"name":"Portada","item":"https:\/\/tutraductorjurado.es\/"},{"@type":"ListItem","position":2,"name":"Pol\u00edtica de privacidad"}]},{"@type":"WebSite","@id":"https:\/\/tutraductorjurado.es\/#website","url":"https:\/\/tutraductorjurado.es\/","name":"Tu Traductor Jurado","description":"Spanish and English Sworn Translations - Official","publisher":{"@id":"https:\/\/tutraductorjurado.es\/#organization"},"potentialAction":[{"@type":"SearchAction","target":{"@type":"EntryPoint","urlTemplate":"https:\/\/tutraductorjurado.es\/?s={search_term_string}"},"query-input":"required name=search_term_string"}],"inLanguage":"en-US"},{"@type":"Organization","@id":"https:\/\/tutraductorjurado.es\/#organization","name":"Tu Traductor Jurado","url":"https:\/\/tutraductorjurado.es\/","logo":{"@type":"ImageObject","inLanguage":"en-US","@id":"https:\/\/tutraductorjurado.es\/#\/schema\/logo\/image\/","url":"http:\/\/tutraductorjurado.es\/wp-content\/uploads\/2017\/10\/cropped-tu-traductor-jurado-1.jpg","contentUrl":"http:\/\/tutraductorjurado.es\/wp-content\/uploads\/2017\/10\/cropped-tu-traductor-jurado-1.jpg","width":135,"height":70,"caption":"Tu Traductor Jurado"},"image":{"@id":"https:\/\/tutraductorjurado.es\/#\/schema\/logo\/image\/"},"sameAs":["https:\/\/www.facebook.com\/tutraductorjurado","https:\/\/twitter.com\/tutraductorjur1","https:\/\/www.youtube.com\/channel\/UCww9sd9wmEBtNSQePgkOsIQ"]}]}},"_links":{"self":[{"href":"https:\/\/tutraductorjurado.es\/en\/wp-json\/wp\/v2\/pages\/616"}],"collection":[{"href":"https:\/\/tutraductorjurado.es\/en\/wp-json\/wp\/v2\/pages"}],"about":[{"href":"https:\/\/tutraductorjurado.es\/en\/wp-json\/wp\/v2\/types\/page"}],"author":[{"embeddable":true,"href":"https:\/\/tutraductorjurado.es\/en\/wp-json\/wp\/v2\/users\/1"}],"replies":[{"embeddable":true,"href":"https:\/\/tutraductorjurado.es\/en\/wp-json\/wp\/v2\/comments?post=616"}],"version-history":[{"count":2,"href":"https:\/\/tutraductorjurado.es\/en\/wp-json\/wp\/v2\/pages\/616\/revisions"}],"predecessor-version":[{"id":2969,"href":"https:\/\/tutraductorjurado.es\/en\/wp-json\/wp\/v2\/pages\/616\/revisions\/2969"}],"wp:attachment":[{"href":"https:\/\/tutraductorjurado.es\/en\/wp-json\/wp\/v2\/media?parent=616"}],"curies":[{"name":"wp","href":"https:\/\/api.w.org\/{rel}","templated":true}]}}