{"id":341,"date":"2017-10-25T19:45:48","date_gmt":"2017-10-25T19:45:48","guid":{"rendered":"http:\/\/tutraductorjurado.es\/?page_id=341"},"modified":"2024-07-08T14:35:39","modified_gmt":"2024-07-08T14:35:39","slug":"traduccion-jurada-titulos-certificados","status":"publish","type":"page","link":"https:\/\/tutraductorjurado.es\/en\/traduccion-jurada-titulos-certificados","title":{"rendered":"Traducci\u00f3n Jurada de T\u00edtulos y Certificados"},"content":{"rendered":"<h1 style=\"text-align: center;\"><span style=\"color: #003399;\">Traducci\u00f3n Jurada de T\u00edtulos y Certificados<\/span><\/h1>\n<h5>&nbsp;<\/h5>\n<h5><img decoding=\"async\" loading=\"lazy\" class=\"aligncenter wp-image-342\" src=\"http:\/\/tutraductorjurado.es\/wp-content\/uploads\/2017\/10\/traduccion-titulos-universitarios-300x213.jpg\" alt=\"traduccion jurada de titulos universitarios\" width=\"400\" height=\"283\" srcset=\"https:\/\/tutraductorjurado.es\/wp-content\/uploads\/2017\/10\/traduccion-titulos-universitarios-300x213.jpg 300w, https:\/\/tutraductorjurado.es\/wp-content\/uploads\/2017\/10\/traduccion-titulos-universitarios.jpg 638w\" sizes=\"(max-width: 400px) 100vw, 400px\" \/><\/h5>\n<h5>&nbsp;<\/h5>\n<h5>Traducci\u00f3n Jurada de T\u00edtulos y Certificados con env\u00edo gratis en 24 horas para cualquier punto de Espa\u00f1a, a precios competitivos. (Tambi\u00e9n realizo env\u00edos al extranjero)<\/h5>\n<p>Reciba en su domicilio su <strong>Traducci\u00f3n Jurada de t\u00edtulos y certificados<\/strong> r\u00e1pidamente con la m\u00e1xima calidad.<\/p>\n<p>Si necesita su traducci\u00f3n jurada,&nbsp;<b>cont\u00e1cteme para informarse&nbsp;<\/b>sin ning\u00fan compromiso por email en&nbsp;<\/p>\n<p>Recibir\u00e1 a la mayor brevedad&nbsp;la traducci\u00f3n jurada en papel, esto es, el documento original&nbsp;con&nbsp;la correspondiente firma y con el sello de traductor jurado en cada p\u00e1gina.<\/p>\n<ul>\n<li><strong>R\u00e1pida:<\/strong>&nbsp;enc\u00e1rguela y la podr\u00e1 recibir en 48h<\/li>\n<li><strong>Econ\u00f3mica:<\/strong>&nbsp;Sin intermediarios y con env\u00edo gratis en Pen\u00ednsula y Baleares<\/li>\n<li><strong>Sin riesgos:<\/strong>&nbsp;garant\u00eda de satisfacci\u00f3n: cada&nbsp;traducci\u00f3n es gestionada&nbsp;al detalle, para que tenga validez<\/li>\n<\/ul>\n<h5>&nbsp;<\/h5>\n<h4 style=\"text-align: center;\">&nbsp;<\/h4>\n<h4 style=\"text-align: center;\"><span style=\"color: #003399;\"><strong>ENV\u00cdE AHORA SUS DOCUMENTOS Y RECIBA SU PRESUPUESTO R\u00c1PIDAMENTE<\/strong><\/span><\/h4>\n<h3 style=\"text-align: center;\">SOLICITE INFORMACI\u00d3N<\/h3>\n<p>&nbsp;<\/p>\n<p style=\"text-align: center;\"><p class=\"wpcf7-contact-form-not-found\"><strong>Error:<\/strong> Contact form not found.<\/p><\/p>\n<p style=\"text-align: center;\"><img decoding=\"async\" loading=\"lazy\" class=\"aligncenter\" src=\"http:\/\/tutraductorjurado.es\/wp-content\/uploads\/2017\/10\/tu-traductor-jurado-oficial.jpg\" sizes=\"(max-width: 640px) 100vw, 640px\" srcset=\"http:\/\/tutraductorjurado.es\/wp-content\/uploads\/2017\/10\/tu-traductor-jurado-oficial.jpg 1000w, http:\/\/tutraductorjurado.es\/wp-content\/uploads\/2017\/10\/tu-traductor-jurado-oficial-300x105.jpg 300w, http:\/\/tutraductorjurado.es\/wp-content\/uploads\/2017\/10\/tu-traductor-jurado-oficial-768x269.jpg 768w\" alt=\"tu traductor jurado oficial\" width=\"640\" height=\"224\"><\/p>\n<h4>&nbsp;<\/h4>\n<h5>Obtenga sus traducciones&nbsp;con sello oficial, 100% v\u00e1lidas y con sello oficial.<\/h5>\n<p>La traducci\u00f3n jurada de un documento solo la puede realizar un<strong>&nbsp;traductor jurado&nbsp;nombrado por el Ministerio de Asuntos Exteriores y de Cooperaci\u00f3n <a href=\"http:\/\/www.exteriores.gob.es\/PORTAL\/ES\/SERVICIOSALCIUDADANO\/Paginas\/Traductoresas---Int%C3%A9rpretes-Juradosas.aspx\">(MAEC)<\/a><\/strong>.&nbsp;Aseg\u00farese de encargar la traducci\u00f3n a un Traductor Oficial, o la traducci\u00f3n no ser\u00e1 v\u00e1lida.<\/p>\n<p>Al estar realizada por un traductor nombrado por el Ministerio de Asuntos Exteriores, <strong>la traducci\u00f3n adquiere car\u00e1cter de documento oficial<\/strong> y&nbsp;puede ser presentada ante cualquier organismo oficial: ministerios, institutos, juzgados, ayuntamientos,&nbsp;embajadas, etc.<\/p>\n<ul>\n<li>La traducci\u00f3n tiene que incluir una declaraci\u00f3n del traductor jurado donde certifica que es una&nbsp;traducci\u00f3n fiel, la fecha, la firma y el sello&nbsp;del traductor jurado.<\/li>\n<li>Adem\u00e1s, tiene que adjuntarse una copia del original, que debe estar fechada y sellada en todas sus p\u00e1ginas.<\/li>\n<\/ul>\n<h4>&nbsp;<\/h4>\n<p><strong>Tu Traductor Jurado <\/strong>tambi\u00e9n puede traducir todo tipo de documentos: contratos, documentos identificativos (DNI, libro de familia), certificados,&nbsp; sentencias, contratos, t\u00edtulos universitarios, bachillerato, etc.<\/p>\n<p>&nbsp;<\/p>\n<div class='content-column one_half'><p><img decoding=\"async\" loading=\"lazy\" src=\"http:\/\/tutraductorjurado.es\/wp-content\/uploads\/2017\/10\/traducciones-juradas-ingl\u00e9s.jpg\" sizes=\"(max-width: 500px) 100vw, 500px\" srcset=\"http:\/\/tutraductorjurado.es\/wp-content\/uploads\/2017\/10\/traducciones-juradas-ingl\u00e9s.jpg 500w, http:\/\/tutraductorjurado.es\/wp-content\/uploads\/2017\/10\/traducciones-juradas-ingl\u00e9s-300x180.jpg 300w\" alt=\"\" width=\"500\" height=\"300\"><\/p><\/div>\n<div class='content-column one_half last_column'><p>&nbsp;<\/p>\n<ul>\n<li>Env\u00edenos sus documentos escaneados e ind\u00edquenos el plazo en el que necesita la traducci\u00f3n<\/li>\n<li>Le enviaremos un presupuesto y un plazo de entrega, tan pronto lo acepte, puede realizar el abono y comenzaremos a trabajar en la traducci\u00f3n<\/li>\n<li>Recibir\u00e1 en su domicilio la traducci\u00f3n en el plazo acordado (env\u00edo gratuito)<\/li>\n<\/ul><\/div><div class='clear_column'><\/div>\n<div class='content-column one_half'><p>&nbsp;<\/p>\n<p>&nbsp;<\/p>\n<p style=\"text-align: center;\"><a class=\"fasc-button fasc-size-large fasc-type-flat fasc-style-bold\" style=\"background-color: #003399; color: #ffffff;\" href=\"http:\/\/tutraductorjurado.es\/escanear\">ESCANEAR DOCUMENTOS CON EL M\u00d3VIL<\/a><\/p>\n<p style=\"text-align: center;\">Si no dispone de esc\u00e1ner, puede escanear sus documentos con un tel\u00e9fono m\u00f3vil<\/p><\/div>\n<div class='content-column one_half last_column'><p><img decoding=\"async\" loading=\"lazy\" src=\"http:\/\/tutraductorjurado.es\/wp-content\/uploads\/2017\/10\/sworn-translator-official.jpg\" sizes=\"(max-width: 500px) 100vw, 500px\" srcset=\"http:\/\/tutraductorjurado.es\/wp-content\/uploads\/2017\/10\/sworn-translator-official.jpg 500w, http:\/\/tutraductorjurado.es\/wp-content\/uploads\/2017\/10\/sworn-translator-official-300x180.jpg 300w\" alt=\"sworn translator official\" width=\"500\" height=\"300\"><\/p><\/div><div class='clear_column'><\/div>\n<h4 style=\"text-align: center;\">Traducciones Juradas Oficiales con env\u00edos en 24 horas gratis a Pen\u00ednsula y Baleares<\/h4>\n<div class='content-column one_fourth'><ul>\n<li><a href=\"http:\/\/tutraductorjurado.es\/traductor-jurado-alava\">\u00c1lava<\/a><\/li>\n<li><a href=\"http:\/\/tutraductorjurado.es\/traductor-jurado-albacete\">Albacete<\/a><\/li>\n<li><a href=\"http:\/\/tutraductorjurado.es\/traductor-jurado-alicante\">Alicante<\/a><\/li>\n<li><a href=\"http:\/\/tutraductorjurado.es\/traductor-jurado-almeria\">Almer\u00eda<\/a><\/li>\n<li><a href=\"http:\/\/tutraductorjurado.es\/traductor-jurado-asturias\">Asturias<\/a><\/li>\n<li><a href=\"http:\/\/tutraductorjurado.es\/traductor-jurado-avila\">\u00c1vila<\/a><\/li>\n<li><a href=\"http:\/\/tutraductorjurado.es\/traductor-jurado-badajoz\">Badajoz<\/a><\/li>\n<li><a href=\"http:\/\/tutraductorjurado.es\/traductor-jurado-barcelona\">Barcelona<\/a><\/li>\n<li><a href=\"http:\/\/tutraductorjurado.es\/traductor-jurado-burgos\">Burgos<\/a><\/li>\n<li><a href=\"http:\/\/tutraductorjurado.es\/traductor-jurado-caceres\">C\u00e1ceres<\/a><\/li>\n<li><a href=\"http:\/\/tutraductorjurado.es\/traductor-jurado-cadiz\">C\u00e1diz<\/a><\/li>\n<li><a href=\"http:\/\/tutraductorjurado.es\/traductor-jurado-cantabria\">Cantabria<\/a><\/li>\n<\/ul><\/div>\n<div class='content-column one_fourth'><ul>\n<li><a href=\"http:\/\/tutraductorjurado.es\/traductor-jurado-castellon\">Castell\u00f3n<\/a><\/li>\n<li><a href=\"http:\/\/tutraductorjurado.es\/traductor-jurado-ciudad-real\">Ciudad Real<\/a><\/li>\n<li><a href=\"http:\/\/tutraductorjurado.es\/traductor-jurado-cordoba\">C\u00f3rdoba<\/a><\/li>\n<li><a href=\"http:\/\/tutraductorjurado.es\/traductor-jurado-coruna\">A Coru\u00f1a<\/a><\/li>\n<li><a href=\"http:\/\/tutraductorjurado.es\/traductor-jurado-cuenca\">Cuenca<\/a><\/li>\n<li><a href=\"http:\/\/tutraductorjurado.es\/traductor-jurado-girona\">Girona<\/a><\/li>\n<li><a href=\"http:\/\/tutraductorjurado.es\/traductor-jurado-granada\">Granada<\/a><\/li>\n<li><a href=\"http:\/\/tutraductorjurado.es\/traductor-jurado-guadalajara\">Guadalajara<\/a><\/li>\n<li><a href=\"http:\/\/tutraductorjurado.es\/traductor-jurado-guipuzcoa\">Guip\u00fazcoa<\/a><\/li>\n<li><a href=\"http:\/\/tutraductorjurado.es\/traductor-jurado-huelva\">Huelva<\/a><\/li>\n<li><a href=\"http:\/\/tutraductorjurado.es\/traductor-jurado-huesca\">Huesca<\/a><\/li>\n<li><a href=\"http:\/\/tutraductorjurado.es\/traductor-jurado-baleares\">Baleares<\/a><\/li>\n<\/ul><\/div>\n<div class='content-column one_fourth'><ul>\n<li><a href=\"http:\/\/tutraductorjurado.es\/traductor-jurado-jaen\">Ja\u00e9n<\/a><\/li>\n<li><a href=\"http:\/\/tutraductorjurado.es\/traductor-jurado-leon\">Le\u00f3n<\/a><\/li>\n<li><a href=\"http:\/\/tutraductorjurado.es\/traductor-jurado-lleida\">Lleida<\/a><\/li>\n<li><a href=\"http:\/\/tutraductorjurado.es\/traductor-jurado-lugo\">Lugo<\/a><\/li>\n<li><a href=\"http:\/\/tutraductorjurado.es\/traductor-jurado-madrid\">Madrid<\/a><\/li>\n<li><a href=\"http:\/\/tutraductorjurado.es\/traductor-jurado-malaga\">M\u00e1laga<\/a><\/li>\n<li><a href=\"http:\/\/tutraductorjurado.es\/traductor-jurado-murcia\">Murcia<\/a><\/li>\n<li><a href=\"http:\/\/tutraductorjurado.es\/traductor-jurado-navarra\">Navarra<\/a><\/li>\n<li><a href=\"http:\/\/tutraductorjurado.es\/traductor-jurado-ourense\">Ourense<\/a><\/li>\n<li><a href=\"http:\/\/tutraductorjurado.es\/traductor-jurado-palencia\">Palencia<\/a><\/li>\n<li><a href=\"http:\/\/tutraductorjurado.es\/traductor-jurado-pontevedra\">Pontevedra<\/a><\/li>\n<li><a href=\"http:\/\/tutraductorjurado.es\/traductor-jurado-la-rioja\">La Rioja<\/a><\/li>\n<\/ul><\/div>\n<div class='content-column one_fourth last_column'><ul>\n<li><a href=\"http:\/\/tutraductorjurado.es\/traductor-jurado-salamanca\">Salamanca<\/a><\/li>\n<li><a href=\"http:\/\/tutraductorjurado.es\/traductor-jurado-segovia\">Segovia<\/a><\/li>\n<li><a href=\"http:\/\/tutraductorjurado.es\/traductor-jurado-sevilla\">Sevilla<\/a><\/li>\n<li><a href=\"http:\/\/tutraductorjurado.es\/traductor-jurado-soria\">Soria<\/a><\/li>\n<li><a href=\"http:\/\/tutraductorjurado.es\/traductor-jurado-tarragona\">Tarragona<\/a><\/li>\n<li><a href=\"http:\/\/tutraductorjurado.es\/traductor-jurado-teruel\">Teruel<\/a><\/li>\n<li><a href=\"http:\/\/tutraductorjurado.es\/traductor-jurado-toledo\">Toledo<\/a><\/li>\n<li><a href=\"http:\/\/tutraductorjurado.es\/traductor-jurado-valencia\">Valencia<\/a><\/li>\n<li><a href=\"http:\/\/tutraductorjurado.es\/traductor-jurado-valladolid\">Valladolid<\/a><\/li>\n<li><a href=\"http:\/\/tutraductorjurado.es\/traductor-jurado-vizcaya\">Vizcaya<\/a><\/li>\n<li><a href=\"http:\/\/tutraductorjurado.es\/traductor-jurado-zamora\">Zamora<\/a><\/li>\n<li><a href=\"http:\/\/tutraductorjurado.es\/traductor-jurado-zaragoza\">Zaragoza<\/a><\/li>\n<\/ul><\/div><div class='clear_column'><\/div>\n<p style=\"text-align: center;\">&nbsp;<\/p>\n<pre style=\"text-align: center;\"><a href=\"http:\/\/tutraductorjurado.es\/traduccion-jurada-ingles\/\">Traducci\u00f3n Jurada de t\u00edtulos y certificados en Ingl\u00e9s&nbsp;y&nbsp;Espa\u00f1ol<\/a><\/pre>\n","protected":false},"excerpt":{"rendered":"<p>Traducci\u00f3n Jurada de T\u00edtulos y Certificados &nbsp; &nbsp; Traducci\u00f3n Jurada de T\u00edtulos y Certificados con&#8230;<\/p>\n","protected":false},"author":1,"featured_media":0,"parent":0,"menu_order":0,"comment_status":"closed","ping_status":"closed","template":"","meta":{"_mi_skip_tracking":false,"_monsterinsights_sitenote_active":false,"_monsterinsights_sitenote_note":"","_monsterinsights_sitenote_category":0,"footnotes":""},"translation":{"provider":"WPGlobus","version":"2.12.2","language":"en","enabled_languages":["es","en"],"languages":{"es":{"title":true,"content":true,"excerpt":false},"en":{"title":false,"content":false,"excerpt":false}}},"yoast_head":"<!-- This site is optimized with the Yoast SEO plugin v21.6 - https:\/\/yoast.com\/wordpress\/plugins\/seo\/ -->\n<title>Traducci\u00f3n Jurada de T\u00edtulos y Certificados - Tu Traductor Jurado<\/title>\n<meta name=\"robots\" content=\"index, follow, max-snippet:-1, max-image-preview:large, max-video-preview:-1\" \/>\n<link rel=\"canonical\" href=\"https:\/\/tutraductorjurado.es\/traduccion-jurada-titulos-certificados\" \/>\n<meta property=\"og:locale\" content=\"en_US\" \/>\n<meta property=\"og:type\" content=\"article\" \/>\n<meta property=\"og:title\" content=\"Traducci\u00f3n Jurada de T\u00edtulos y Certificados - Tu Traductor Jurado\" \/>\n<meta property=\"og:url\" content=\"https:\/\/tutraductorjurado.es\/traduccion-jurada-titulos-certificados\" \/>\n<meta property=\"og:site_name\" content=\"Tu Traductor Jurado\" \/>\n<meta property=\"article:publisher\" content=\"https:\/\/www.facebook.com\/tutraductorjurado\" \/>\n<meta property=\"article:modified_time\" content=\"2024-07-08T14:35:39+00:00\" \/>\n<meta property=\"og:image\" content=\"http:\/\/tutraductorjurado.es\/wp-content\/uploads\/2017\/10\/traduccion-titulos-universitarios-300x213.jpg\" \/>\n<meta name=\"twitter:card\" content=\"summary_large_image\" \/>\n<meta name=\"twitter:site\" content=\"@tutraductorjur1\" \/>\n<meta name=\"twitter:label1\" content=\"Est. reading time\" \/>\n\t<meta name=\"twitter:data1\" content=\"3 minutes\" \/>\n<script type=\"application\/ld+json\" class=\"yoast-schema-graph\">{\"@context\":\"https:\/\/schema.org\",\"@graph\":[{\"@type\":\"WebPage\",\"@id\":\"https:\/\/tutraductorjurado.es\/traduccion-jurada-titulos-certificados\",\"url\":\"https:\/\/tutraductorjurado.es\/traduccion-jurada-titulos-certificados\",\"name\":\"Traducci\u00f3n Jurada de T\u00edtulos y Certificados - Tu Traductor Jurado\",\"isPartOf\":{\"@id\":\"https:\/\/tutraductorjurado.es\/#website\"},\"datePublished\":\"2017-10-25T19:45:48+00:00\",\"dateModified\":\"2024-07-08T14:35:39+00:00\",\"description\":\"Traducci\u00f3n Jurada de T\u00edtulos y Certificados - Yolanda P\u00e9rez - Traductor Jurado Oficial de ingl\u00e9s y Espa\u00f1ol acreditada por el MAEC.\",\"breadcrumb\":{\"@id\":\"https:\/\/tutraductorjurado.es\/traduccion-jurada-titulos-certificados#breadcrumb\"},\"inLanguage\":\"en-US\",\"potentialAction\":[{\"@type\":\"ReadAction\",\"target\":[\"https:\/\/tutraductorjurado.es\/traduccion-jurada-titulos-certificados\"]}]},{\"@type\":\"BreadcrumbList\",\"@id\":\"https:\/\/tutraductorjurado.es\/traduccion-jurada-titulos-certificados#breadcrumb\",\"itemListElement\":[{\"@type\":\"ListItem\",\"position\":1,\"name\":\"Portada\",\"item\":\"https:\/\/tutraductorjurado.es\/\"},{\"@type\":\"ListItem\",\"position\":2,\"name\":\"Traducci\u00f3n Jurada de T\u00edtulos y Certificados\"}]},{\"@type\":\"WebSite\",\"@id\":\"https:\/\/tutraductorjurado.es\/#website\",\"url\":\"https:\/\/tutraductorjurado.es\/\",\"name\":\"Tu Traductor Jurado\",\"description\":\"Spanish and English Sworn Translations - Official\",\"publisher\":{\"@id\":\"https:\/\/tutraductorjurado.es\/#organization\"},\"potentialAction\":[{\"@type\":\"SearchAction\",\"target\":{\"@type\":\"EntryPoint\",\"urlTemplate\":\"https:\/\/tutraductorjurado.es\/?s={search_term_string}\"},\"query-input\":\"required name=search_term_string\"}],\"inLanguage\":\"en-US\"},{\"@type\":\"Organization\",\"@id\":\"https:\/\/tutraductorjurado.es\/#organization\",\"name\":\"Tu Traductor Jurado\",\"url\":\"https:\/\/tutraductorjurado.es\/\",\"logo\":{\"@type\":\"ImageObject\",\"inLanguage\":\"en-US\",\"@id\":\"https:\/\/tutraductorjurado.es\/#\/schema\/logo\/image\/\",\"url\":\"http:\/\/tutraductorjurado.es\/wp-content\/uploads\/2017\/10\/cropped-tu-traductor-jurado-1.jpg\",\"contentUrl\":\"http:\/\/tutraductorjurado.es\/wp-content\/uploads\/2017\/10\/cropped-tu-traductor-jurado-1.jpg\",\"width\":135,\"height\":70,\"caption\":\"Tu Traductor Jurado\"},\"image\":{\"@id\":\"https:\/\/tutraductorjurado.es\/#\/schema\/logo\/image\/\"},\"sameAs\":[\"https:\/\/www.facebook.com\/tutraductorjurado\",\"https:\/\/twitter.com\/tutraductorjur1\",\"https:\/\/www.youtube.com\/channel\/UCww9sd9wmEBtNSQePgkOsIQ\"]}]}<\/script>\n<!-- \/ Yoast SEO plugin. -->","yoast_head_json":{"title":"Traducci\u00f3n Jurada de T\u00edtulos y Certificados - Tu Traductor Jurado","robots":{"index":"index","follow":"follow","max-snippet":"max-snippet:-1","max-image-preview":"max-image-preview:large","max-video-preview":"max-video-preview:-1"},"canonical":"https:\/\/tutraductorjurado.es\/traduccion-jurada-titulos-certificados","og_locale":"en_US","og_type":"article","og_title":"Traducci\u00f3n Jurada de T\u00edtulos y Certificados - Tu Traductor Jurado","og_url":"https:\/\/tutraductorjurado.es\/traduccion-jurada-titulos-certificados","og_site_name":"Tu Traductor Jurado","article_publisher":"https:\/\/www.facebook.com\/tutraductorjurado","article_modified_time":"2024-07-08T14:35:39+00:00","og_image":[{"url":"http:\/\/tutraductorjurado.es\/wp-content\/uploads\/2017\/10\/traduccion-titulos-universitarios-300x213.jpg"}],"twitter_card":"summary_large_image","twitter_site":"@tutraductorjur1","twitter_misc":{"Est. reading time":"3 minutes"},"schema":{"@context":"https:\/\/schema.org","@graph":[{"@type":"WebPage","@id":"https:\/\/tutraductorjurado.es\/traduccion-jurada-titulos-certificados","url":"https:\/\/tutraductorjurado.es\/traduccion-jurada-titulos-certificados","name":"Traducci\u00f3n Jurada de T\u00edtulos y Certificados - Tu Traductor Jurado","isPartOf":{"@id":"https:\/\/tutraductorjurado.es\/#website"},"datePublished":"2017-10-25T19:45:48+00:00","dateModified":"2024-07-08T14:35:39+00:00","description":"Traducci\u00f3n Jurada de T\u00edtulos y Certificados - Yolanda P\u00e9rez - Traductor Jurado Oficial de ingl\u00e9s y Espa\u00f1ol acreditada por el MAEC.","breadcrumb":{"@id":"https:\/\/tutraductorjurado.es\/traduccion-jurada-titulos-certificados#breadcrumb"},"inLanguage":"en-US","potentialAction":[{"@type":"ReadAction","target":["https:\/\/tutraductorjurado.es\/traduccion-jurada-titulos-certificados"]}]},{"@type":"BreadcrumbList","@id":"https:\/\/tutraductorjurado.es\/traduccion-jurada-titulos-certificados#breadcrumb","itemListElement":[{"@type":"ListItem","position":1,"name":"Portada","item":"https:\/\/tutraductorjurado.es\/"},{"@type":"ListItem","position":2,"name":"Traducci\u00f3n Jurada de T\u00edtulos y Certificados"}]},{"@type":"WebSite","@id":"https:\/\/tutraductorjurado.es\/#website","url":"https:\/\/tutraductorjurado.es\/","name":"Tu Traductor Jurado","description":"Spanish and English Sworn Translations - Official","publisher":{"@id":"https:\/\/tutraductorjurado.es\/#organization"},"potentialAction":[{"@type":"SearchAction","target":{"@type":"EntryPoint","urlTemplate":"https:\/\/tutraductorjurado.es\/?s={search_term_string}"},"query-input":"required name=search_term_string"}],"inLanguage":"en-US"},{"@type":"Organization","@id":"https:\/\/tutraductorjurado.es\/#organization","name":"Tu Traductor Jurado","url":"https:\/\/tutraductorjurado.es\/","logo":{"@type":"ImageObject","inLanguage":"en-US","@id":"https:\/\/tutraductorjurado.es\/#\/schema\/logo\/image\/","url":"http:\/\/tutraductorjurado.es\/wp-content\/uploads\/2017\/10\/cropped-tu-traductor-jurado-1.jpg","contentUrl":"http:\/\/tutraductorjurado.es\/wp-content\/uploads\/2017\/10\/cropped-tu-traductor-jurado-1.jpg","width":135,"height":70,"caption":"Tu Traductor Jurado"},"image":{"@id":"https:\/\/tutraductorjurado.es\/#\/schema\/logo\/image\/"},"sameAs":["https:\/\/www.facebook.com\/tutraductorjurado","https:\/\/twitter.com\/tutraductorjur1","https:\/\/www.youtube.com\/channel\/UCww9sd9wmEBtNSQePgkOsIQ"]}]}},"_links":{"self":[{"href":"https:\/\/tutraductorjurado.es\/en\/wp-json\/wp\/v2\/pages\/341"}],"collection":[{"href":"https:\/\/tutraductorjurado.es\/en\/wp-json\/wp\/v2\/pages"}],"about":[{"href":"https:\/\/tutraductorjurado.es\/en\/wp-json\/wp\/v2\/types\/page"}],"author":[{"embeddable":true,"href":"https:\/\/tutraductorjurado.es\/en\/wp-json\/wp\/v2\/users\/1"}],"replies":[{"embeddable":true,"href":"https:\/\/tutraductorjurado.es\/en\/wp-json\/wp\/v2\/comments?post=341"}],"version-history":[{"count":1,"href":"https:\/\/tutraductorjurado.es\/en\/wp-json\/wp\/v2\/pages\/341\/revisions"}],"predecessor-version":[{"id":2904,"href":"https:\/\/tutraductorjurado.es\/en\/wp-json\/wp\/v2\/pages\/341\/revisions\/2904"}],"wp:attachment":[{"href":"https:\/\/tutraductorjurado.es\/en\/wp-json\/wp\/v2\/media?parent=341"}],"curies":[{"name":"wp","href":"https:\/\/api.w.org\/{rel}","templated":true}]}}