{"id":330,"date":"2017-10-25T17:27:49","date_gmt":"2017-10-25T17:27:49","guid":{"rendered":"http:\/\/tutraductorjurado.es\/?page_id=330"},"modified":"2024-07-08T14:32:33","modified_gmt":"2024-07-08T14:32:33","slug":"interprete-bodas","status":"publish","type":"page","link":"https:\/\/tutraductorjurado.es\/en\/interprete-bodas","title":{"rendered":"Int\u00e9rprete Bodas"},"content":{"rendered":"<h1 style=\"text-align: center;\"><span style=\"color: #003399;\">Int\u00e9rprete Jurado para Bodas<\/span><\/h1>\n<p><img decoding=\"async\" loading=\"lazy\" class=\"aligncenter size-full wp-image-337\" src=\"http:\/\/tutraductorjurado.es\/wp-content\/uploads\/2017\/10\/inte\u0301rprete-bodas.jpg\" alt=\"inte\u0301rprete bodas\" width=\"500\" height=\"300\" srcset=\"https:\/\/tutraductorjurado.es\/wp-content\/uploads\/2017\/10\/inte\u0301rprete-bodas.jpg 500w, https:\/\/tutraductorjurado.es\/wp-content\/uploads\/2017\/10\/inte\u0301rprete-bodas-300x180.jpg 300w\" sizes=\"(max-width: 500px) 100vw, 500px\" \/><\/p>\n<h5 style=\"text-align: left;\">En ocasiones es necesario un int\u00e9rprete jurado para poder celebrar matrimonios mixtos, es decir, entre un nacional y un extranjero.<\/h5>\n<ul>\n<li style=\"text-align: left;\">\n<h5>Un traductor jurado es necesario para la traducci\u00f3n de los documentos para iniciar el expediente matrimonial, obligatorio para poder contraer matrimonio si uno de los novios es extranjero<\/h5>\n<\/li>\n<li style=\"text-align: left;\">\n<h5>Puede ser de ayuda para realizar tr\u00e1mites en el Registro Civil<\/h5>\n<\/li>\n<li>\n<h5 style=\"text-align: left;\">Un int\u00e9rprete jurado es necesario para la celebraci\u00f3n del matrimonio civil siempre y cuando uno de los novios no comprenda suficientemente bien el espa\u00f1ol<\/h5>\n<\/li>\n<\/ul>\n<h4 style=\"text-align: center;\"><\/h4>\n<h3 style=\"text-align: center;\">SOLICITE INFORMACI\u00d3N<\/h3>\n<p style=\"text-align: center;\"><p class=\"wpcf7-contact-form-not-found\"><strong>Error:<\/strong> Contact form not found.<\/p><\/p>\n<h4><\/h4>\n<h5>Obtenga sus traducciones\u00a0con sello oficial, 100% v\u00e1lidas en Espa\u00f1a y el extranjero.<\/h5>\n<p>La traducci\u00f3n jurada de un documento solo la puede realizar un<strong>\u00a0<a href=\"http:\/\/tutraductorjurado.es\">traductor jurado<\/a>\u00a0nombrado por el Ministerio de Asuntos Exteriores y de Cooperaci\u00f3n (MAEC)<\/strong>.\u00a0Aseg\u00farese de encargar la traducci\u00f3n a un Traductor Oficial, o la traducci\u00f3n no ser\u00e1 v\u00e1lida.<\/p>\n<p>Al estar realizada por un traductor nombrado por el Ministerio de Asuntos Exteriores, <strong>la traducci\u00f3n adquiere car\u00e1cter de documento oficial<\/strong> y\u00a0puede ser presentada ante cualquier organismo oficial: ministerios, institutos, juzgados, ayuntamientos,\u00a0embajadas, etc.<\/p>\n<ul>\n<li>La traducci\u00f3n tiene que incluir una declaraci\u00f3n del traductor jurado donde certifica que es una\u00a0traducci\u00f3n fiel, la fecha, la firma y el sello\u00a0del traductor jurado.<\/li>\n<li>Adem\u00e1s, tiene que adjuntarse una\u00a0copia del original, que debe estar fechado y sellado en todas sus p\u00e1ginas.<\/li>\n<\/ul>\n<h4><\/h4>\n<pre style=\"text-align: center;\">Int\u00e9rprete bodas<\/pre>\n","protected":false},"excerpt":{"rendered":"<p>Int\u00e9rprete Jurado para Bodas En ocasiones es necesario un int\u00e9rprete jurado para poder celebrar matrimonios&#8230;<\/p>\n","protected":false},"author":1,"featured_media":0,"parent":0,"menu_order":0,"comment_status":"closed","ping_status":"closed","template":"","meta":{"_mi_skip_tracking":false,"_monsterinsights_sitenote_active":false,"_monsterinsights_sitenote_note":"","_monsterinsights_sitenote_category":0,"footnotes":""},"translation":{"provider":"WPGlobus","version":"2.12.2","language":"en","enabled_languages":["es","en"],"languages":{"es":{"title":true,"content":true,"excerpt":false},"en":{"title":false,"content":false,"excerpt":false}}},"yoast_head":"<!-- This site is optimized with the Yoast SEO plugin v21.6 - https:\/\/yoast.com\/wordpress\/plugins\/seo\/ -->\n<title>INT\u00c9RPRETE BODAS - Int\u00e9rprete JURADO para bodas - Yolanda P\u00e9rez<\/title>\n<meta name=\"robots\" content=\"index, follow, max-snippet:-1, max-image-preview:large, max-video-preview:-1\" \/>\n<link rel=\"canonical\" href=\"https:\/\/tutraductorjurado.es\/interprete-bodas\" \/>\n<meta property=\"og:locale\" content=\"en_US\" \/>\n<meta property=\"og:type\" content=\"article\" \/>\n<meta property=\"og:title\" content=\"Int\u00e9rprete Bodas - Tu Traductor Jurado\" \/>\n<meta property=\"og:url\" content=\"https:\/\/tutraductorjurado.es\/interprete-bodas\" \/>\n<meta property=\"og:site_name\" content=\"Tu Traductor Jurado\" \/>\n<meta property=\"article:publisher\" content=\"https:\/\/www.facebook.com\/tutraductorjurado\" \/>\n<meta property=\"article:modified_time\" content=\"2024-07-08T14:32:33+00:00\" \/>\n<meta name=\"twitter:card\" content=\"summary_large_image\" \/>\n<meta name=\"twitter:site\" content=\"@tutraductorjur1\" \/>\n<meta name=\"twitter:label1\" content=\"Est. reading time\" \/>\n\t<meta name=\"twitter:data1\" content=\"2 minutes\" \/>\n<script type=\"application\/ld+json\" class=\"yoast-schema-graph\">{\"@context\":\"https:\/\/schema.org\",\"@graph\":[{\"@type\":\"WebPage\",\"@id\":\"https:\/\/tutraductorjurado.es\/interprete-bodas\",\"url\":\"https:\/\/tutraductorjurado.es\/interprete-bodas\",\"name\":\"INT\u00c9RPRETE BODAS - Int\u00e9rprete JURADO para bodas - Yolanda P\u00e9rez\",\"isPartOf\":{\"@id\":\"https:\/\/tutraductorjurado.es\/#website\"},\"datePublished\":\"2017-10-25T17:27:49+00:00\",\"dateModified\":\"2024-07-08T14:32:33+00:00\",\"description\":\"Un int\u00e9rprete jurado es necesario para la celebraci\u00f3n del matrimonio civil siempre y cuando uno de los novios no comprenda suficientemente bien el espa\u00f1ol.\",\"breadcrumb\":{\"@id\":\"https:\/\/tutraductorjurado.es\/interprete-bodas#breadcrumb\"},\"inLanguage\":\"en-US\",\"potentialAction\":[{\"@type\":\"ReadAction\",\"target\":[\"https:\/\/tutraductorjurado.es\/interprete-bodas\"]}]},{\"@type\":\"BreadcrumbList\",\"@id\":\"https:\/\/tutraductorjurado.es\/interprete-bodas#breadcrumb\",\"itemListElement\":[{\"@type\":\"ListItem\",\"position\":1,\"name\":\"Portada\",\"item\":\"https:\/\/tutraductorjurado.es\/\"},{\"@type\":\"ListItem\",\"position\":2,\"name\":\"Int\u00e9rprete Bodas\"}]},{\"@type\":\"WebSite\",\"@id\":\"https:\/\/tutraductorjurado.es\/#website\",\"url\":\"https:\/\/tutraductorjurado.es\/\",\"name\":\"Tu Traductor Jurado\",\"description\":\"Spanish and English Sworn Translations - Official\",\"publisher\":{\"@id\":\"https:\/\/tutraductorjurado.es\/#organization\"},\"potentialAction\":[{\"@type\":\"SearchAction\",\"target\":{\"@type\":\"EntryPoint\",\"urlTemplate\":\"https:\/\/tutraductorjurado.es\/?s={search_term_string}\"},\"query-input\":\"required name=search_term_string\"}],\"inLanguage\":\"en-US\"},{\"@type\":\"Organization\",\"@id\":\"https:\/\/tutraductorjurado.es\/#organization\",\"name\":\"Tu Traductor Jurado\",\"url\":\"https:\/\/tutraductorjurado.es\/\",\"logo\":{\"@type\":\"ImageObject\",\"inLanguage\":\"en-US\",\"@id\":\"https:\/\/tutraductorjurado.es\/#\/schema\/logo\/image\/\",\"url\":\"http:\/\/tutraductorjurado.es\/wp-content\/uploads\/2017\/10\/cropped-tu-traductor-jurado-1.jpg\",\"contentUrl\":\"http:\/\/tutraductorjurado.es\/wp-content\/uploads\/2017\/10\/cropped-tu-traductor-jurado-1.jpg\",\"width\":135,\"height\":70,\"caption\":\"Tu Traductor Jurado\"},\"image\":{\"@id\":\"https:\/\/tutraductorjurado.es\/#\/schema\/logo\/image\/\"},\"sameAs\":[\"https:\/\/www.facebook.com\/tutraductorjurado\",\"https:\/\/twitter.com\/tutraductorjur1\",\"https:\/\/www.youtube.com\/channel\/UCww9sd9wmEBtNSQePgkOsIQ\"]}]}<\/script>\n<!-- \/ Yoast SEO plugin. -->","yoast_head_json":{"title":"INT\u00c9RPRETE BODAS - Int\u00e9rprete JURADO para bodas - Yolanda P\u00e9rez","robots":{"index":"index","follow":"follow","max-snippet":"max-snippet:-1","max-image-preview":"max-image-preview:large","max-video-preview":"max-video-preview:-1"},"canonical":"https:\/\/tutraductorjurado.es\/interprete-bodas","og_locale":"en_US","og_type":"article","og_title":"Int\u00e9rprete Bodas - Tu Traductor Jurado","og_url":"https:\/\/tutraductorjurado.es\/interprete-bodas","og_site_name":"Tu Traductor Jurado","article_publisher":"https:\/\/www.facebook.com\/tutraductorjurado","article_modified_time":"2024-07-08T14:32:33+00:00","twitter_card":"summary_large_image","twitter_site":"@tutraductorjur1","twitter_misc":{"Est. reading time":"2 minutes"},"schema":{"@context":"https:\/\/schema.org","@graph":[{"@type":"WebPage","@id":"https:\/\/tutraductorjurado.es\/interprete-bodas","url":"https:\/\/tutraductorjurado.es\/interprete-bodas","name":"INT\u00c9RPRETE BODAS - Int\u00e9rprete JURADO para bodas - Yolanda P\u00e9rez","isPartOf":{"@id":"https:\/\/tutraductorjurado.es\/#website"},"datePublished":"2017-10-25T17:27:49+00:00","dateModified":"2024-07-08T14:32:33+00:00","description":"Un int\u00e9rprete jurado es necesario para la celebraci\u00f3n del matrimonio civil siempre y cuando uno de los novios no comprenda suficientemente bien el espa\u00f1ol.","breadcrumb":{"@id":"https:\/\/tutraductorjurado.es\/interprete-bodas#breadcrumb"},"inLanguage":"en-US","potentialAction":[{"@type":"ReadAction","target":["https:\/\/tutraductorjurado.es\/interprete-bodas"]}]},{"@type":"BreadcrumbList","@id":"https:\/\/tutraductorjurado.es\/interprete-bodas#breadcrumb","itemListElement":[{"@type":"ListItem","position":1,"name":"Portada","item":"https:\/\/tutraductorjurado.es\/"},{"@type":"ListItem","position":2,"name":"Int\u00e9rprete Bodas"}]},{"@type":"WebSite","@id":"https:\/\/tutraductorjurado.es\/#website","url":"https:\/\/tutraductorjurado.es\/","name":"Tu Traductor Jurado","description":"Spanish and English Sworn Translations - Official","publisher":{"@id":"https:\/\/tutraductorjurado.es\/#organization"},"potentialAction":[{"@type":"SearchAction","target":{"@type":"EntryPoint","urlTemplate":"https:\/\/tutraductorjurado.es\/?s={search_term_string}"},"query-input":"required name=search_term_string"}],"inLanguage":"en-US"},{"@type":"Organization","@id":"https:\/\/tutraductorjurado.es\/#organization","name":"Tu Traductor Jurado","url":"https:\/\/tutraductorjurado.es\/","logo":{"@type":"ImageObject","inLanguage":"en-US","@id":"https:\/\/tutraductorjurado.es\/#\/schema\/logo\/image\/","url":"http:\/\/tutraductorjurado.es\/wp-content\/uploads\/2017\/10\/cropped-tu-traductor-jurado-1.jpg","contentUrl":"http:\/\/tutraductorjurado.es\/wp-content\/uploads\/2017\/10\/cropped-tu-traductor-jurado-1.jpg","width":135,"height":70,"caption":"Tu Traductor Jurado"},"image":{"@id":"https:\/\/tutraductorjurado.es\/#\/schema\/logo\/image\/"},"sameAs":["https:\/\/www.facebook.com\/tutraductorjurado","https:\/\/twitter.com\/tutraductorjur1","https:\/\/www.youtube.com\/channel\/UCww9sd9wmEBtNSQePgkOsIQ"]}]}},"_links":{"self":[{"href":"https:\/\/tutraductorjurado.es\/en\/wp-json\/wp\/v2\/pages\/330"}],"collection":[{"href":"https:\/\/tutraductorjurado.es\/en\/wp-json\/wp\/v2\/pages"}],"about":[{"href":"https:\/\/tutraductorjurado.es\/en\/wp-json\/wp\/v2\/types\/page"}],"author":[{"embeddable":true,"href":"https:\/\/tutraductorjurado.es\/en\/wp-json\/wp\/v2\/users\/1"}],"replies":[{"embeddable":true,"href":"https:\/\/tutraductorjurado.es\/en\/wp-json\/wp\/v2\/comments?post=330"}],"version-history":[{"count":1,"href":"https:\/\/tutraductorjurado.es\/en\/wp-json\/wp\/v2\/pages\/330\/revisions"}],"predecessor-version":[{"id":2893,"href":"https:\/\/tutraductorjurado.es\/en\/wp-json\/wp\/v2\/pages\/330\/revisions\/2893"}],"wp:attachment":[{"href":"https:\/\/tutraductorjurado.es\/en\/wp-json\/wp\/v2\/media?parent=330"}],"curies":[{"name":"wp","href":"https:\/\/api.w.org\/{rel}","templated":true}]}}