{"id":1480,"date":"2019-05-20T17:56:40","date_gmt":"2019-05-20T17:56:40","guid":{"rendered":"http:\/\/tutraductorjurado.es\/?page_id=1480"},"modified":"2024-07-08T14:34:34","modified_gmt":"2024-07-08T14:34:34","slug":"traduccion-jurada-de-documentos-oficiales","status":"publish","type":"page","link":"https:\/\/tutraductorjurado.es\/en\/traduccion-jurada-de-documentos-oficiales","title":{"rendered":"TRADUCCI\u00d3N JURADA DE DOCUMENTOS OFICIALES"},"content":{"rendered":"\n<h2 class=\"wp-block-heading\">TRADUCCI\u00d3N JURADA DE DOCUMENTOS OFICIALES<\/h2>\n\n\n\n<p>Soy Yolanda P\u00e9rez, <a href=\"http:\/\/tutraductorjurado.es\/\">traductora Jurada<\/a> acreditada por el <a href=\"http:\/\/www.exteriores.gob.es\/PORTAL\/ES\/SERVICIOSALCIUDADANO\/Paginas\/Traductoresas---Int%C3%A9rpretes-Juradosas.aspx\">MAEC<\/a> para realizar todo tipo de <strong>traducciones juradas de documentos oficiales<\/strong>.<\/p>\n\n\n\n<p>Si necesitas disponer de una <strong>traducci\u00f3n jurada<\/strong> <strong>de documentos oficiales <\/strong>con validez jur\u00eddica, necesitas una traducci\u00f3n jurada oficial. En Espa\u00f1a, estas traducciones \u00fanicamente las pueden realizar traductores jurados nombrados por el Ministerio de Asuntos Exteriores y Cooperaci\u00f3n (MAEC).<\/p>\n\n\n\n<p>Yolanda Perez tiene experiencia en la<strong> traducci\u00f3n de ingl\u00e9s y espa\u00f1ol<\/strong> de numerosos documentos oficiales tales como certificados de nacimiento, defunci\u00f3n, matrimonio, expedientes acad\u00e9micos, t\u00edtulos universitarios, ESO, bachillerato, traducci\u00f3n de notas, sentencias judiciales, \u00faltimas voluntades, certificados de antecedentes penales y muchos otros (First, certificado APTIS, Cambridge, TOEIC&#8230;)<\/p>\n\n\n\n<h4 class=\"wp-block-heading has-text-align-center\"><strong>ENV\u00cdE AHORA SUS DOCUMENTOS Y RECIBA SU PRESUPUESTO YA<br>(No son necesarios los documentos originales, solo los documentos escaneados)<\/strong><\/h4>\n\n\n\n<h4 class=\"wp-block-heading has-text-align-center\"><\/h4>\n\n\n\n<h3 class=\"wp-block-heading has-text-align-center\">PETICI\u00d3N DE PRESUPUESTO Y\/O INFORMACI\u00d3N<\/h3>\n\n\n\n<p class=\"wpcf7-contact-form-not-found\"><strong>Error:<\/strong> Contact form not found.<\/p>\n\n\n<div class=\"wp-block-image\">\n<figure class=\"aligncenter\"><img decoding=\"async\" src=\"http:\/\/tutraductorjurado.es\/wp-content\/uploads\/2017\/10\/tu-traductor-jurado-oficial.jpg\" alt=\"tu traductor jurado oficial\"\/><\/figure><\/div>\n\n\n<h5 class=\"wp-block-heading has-text-align-center\">Obtenga sus traducciones&nbsp;con sello oficial. Las traducciones juradas son 100% v\u00e1lidas en Espa\u00f1a y tambi\u00e9n en el extranjero.<\/h5>\n\n\n\n<h5 class=\"wp-block-heading\">El proceso para recibir su <a href=\"http:\/\/tutraductorjurado.es\/una-traduccion-jurada\">traducci\u00f3n jurada<\/a> o no jurada de manera r\u00e1pida y guardando siempre la m\u00e1xima calidad<\/h5>\n\n\n\n<p>En primer lugar usted puede enviarnos sus documentos a traducir rellenando el formulario que figura en esta misma p\u00e1gina o directamente al correo electr\u00f3nico <\/p>\n\n\n\n<p>Por favor, indique el plazo en el que desea recibir la traducci\u00f3n en papel para as\u00ed poder adaptarnos a sus requisitos de plazo.<\/p>\n\n\n\n<p>Una vez reciba sus documentos, en breve le responderemos indic\u00e1ndole el presupuesto, plazo de entrega y modo de pago. En cuanto recibamos su confirmaci\u00f3n, nos pondremos manos a la obra y le entregaremos en su domicilio la traducci\u00f3n en el plazo establecido, a un precio competitivo y con la m\u00e1xima calidad.<\/p>\n\n\n<div class=\"wp-block-image\">\n<figure class=\"aligncenter\"><img decoding=\"async\" src=\"http:\/\/tutraductorjurado.es\/wp-content\/uploads\/2019\/05\/traducci\u00f3n-jurada-de-documentos-oficiales-1.jpg\" alt=\"traducci\u00f3n jurada de documentos oficiales\" class=\"wp-image-1483\"\/><\/figure><\/div>\n\n\n<h5 class=\"wp-block-heading\">Traducci\u00f3n Jurada de T\u00edtulos Universitarios, Bachillerato, ESO, First Certificate, Cambridge, etc.<\/h5>\n\n\n\n<p>Reciba en su domicilio su Traducci\u00f3n Jurada <strong>r\u00e1pidamente<\/strong>. <strong>Tarifas muy competitivas<\/strong>,&nbsp;manteniendo la <strong>m\u00e1xima calidad<\/strong><\/p>\n\n\n\n<p>Si necesita su traducci\u00f3n jurada,&nbsp;<strong>cont\u00e1cteme para informarse&nbsp;<\/strong>sin ning\u00fan compromiso por email en <a href=\"mailto:yolanda@tutraductorjurado.es\">yolanda@tutraductorjurado.es<\/a><\/p>\n\n\n\n<p>Recibir\u00e1 a la mayor brevedad&nbsp;la traducci\u00f3n jurada en papel, esto es, el documento original&nbsp;con&nbsp;la correspondiente firma y con el sello de traductor jurado en cada p\u00e1gina.<\/p>\n\n\n\n<ul>\n<li><strong>R\u00e1pida:<\/strong>&nbsp;enc\u00e1rguela y la podr\u00e1 recibir en 24 o 48h<\/li>\n\n\n\n<li><strong>Econ\u00f3mica:<\/strong>&nbsp;Sin intermediarios y con env\u00edo gratis<\/li>\n\n\n\n<li><strong>Sin riesgos:<\/strong>&nbsp;garant\u00eda de satisfacci\u00f3n: cada&nbsp;traducci\u00f3n es gestionada&nbsp;al detalle, para que tenga validez<\/li>\n<\/ul>\n","protected":false},"excerpt":{"rendered":"<p>TRADUCCI\u00d3N JURADA DE DOCUMENTOS OFICIALES Soy Yolanda P\u00e9rez, traductora Jurada acreditada por el MAEC para&#8230;<\/p>\n","protected":false},"author":1,"featured_media":0,"parent":0,"menu_order":0,"comment_status":"closed","ping_status":"closed","template":"","meta":{"_mi_skip_tracking":false,"_monsterinsights_sitenote_active":false,"_monsterinsights_sitenote_note":"","_monsterinsights_sitenote_category":0,"footnotes":""},"translation":{"provider":"WPGlobus","version":"2.12.2","language":"en","enabled_languages":["es","en"],"languages":{"es":{"title":true,"content":true,"excerpt":false},"en":{"title":false,"content":false,"excerpt":false}}},"yoast_head":"<!-- This site is optimized with the Yoast SEO plugin v21.6 - https:\/\/yoast.com\/wordpress\/plugins\/seo\/ -->\n<title>TRADUCCI\u00d3N JURADA DE DOCUMENTOS OFICIALES - Yolanda P\u00e9rez<\/title>\n<meta name=\"robots\" content=\"index, follow, max-snippet:-1, max-image-preview:large, max-video-preview:-1\" \/>\n<link rel=\"canonical\" href=\"https:\/\/tutraductorjurado.es\/traduccion-jurada-de-documentos-oficiales\" \/>\n<meta property=\"og:locale\" content=\"en_US\" \/>\n<meta property=\"og:type\" content=\"article\" \/>\n<meta property=\"og:title\" content=\"TRADUCCI\u00d3N JURADA DE DOCUMENTOS OFICIALES - Tu Traductor Jurado\" \/>\n<meta property=\"og:url\" content=\"https:\/\/tutraductorjurado.es\/traduccion-jurada-de-documentos-oficiales\" \/>\n<meta property=\"og:site_name\" content=\"Tu Traductor Jurado\" \/>\n<meta property=\"article:publisher\" content=\"https:\/\/www.facebook.com\/tutraductorjurado\" \/>\n<meta property=\"article:modified_time\" content=\"2024-07-08T14:34:34+00:00\" \/>\n<meta property=\"og:image\" content=\"http:\/\/tutraductorjurado.es\/wp-content\/uploads\/2017\/10\/tu-traductor-jurado-oficial.jpg\" \/>\n<meta name=\"twitter:card\" content=\"summary_large_image\" \/>\n<meta name=\"twitter:site\" content=\"@tutraductorjur1\" \/>\n<meta name=\"twitter:label1\" content=\"Est. reading time\" \/>\n\t<meta name=\"twitter:data1\" content=\"3 minutes\" \/>\n<script type=\"application\/ld+json\" class=\"yoast-schema-graph\">{\"@context\":\"https:\/\/schema.org\",\"@graph\":[{\"@type\":\"WebPage\",\"@id\":\"https:\/\/tutraductorjurado.es\/traduccion-jurada-de-documentos-oficiales\",\"url\":\"https:\/\/tutraductorjurado.es\/traduccion-jurada-de-documentos-oficiales\",\"name\":\"TRADUCCI\u00d3N JURADA DE DOCUMENTOS OFICIALES - Yolanda P\u00e9rez\",\"isPartOf\":{\"@id\":\"https:\/\/tutraductorjurado.es\/#website\"},\"datePublished\":\"2019-05-20T17:56:40+00:00\",\"dateModified\":\"2024-07-08T14:34:34+00:00\",\"description\":\"Traducci\u00f3n jurada de documentos oficiales - Yolanda P\u00e9rez - traductor jurado de ingl\u00e9s y espa\u00f1ol - Sin intermediarios - env\u00edos 24h gratis\",\"breadcrumb\":{\"@id\":\"https:\/\/tutraductorjurado.es\/traduccion-jurada-de-documentos-oficiales#breadcrumb\"},\"inLanguage\":\"en-US\",\"potentialAction\":[{\"@type\":\"ReadAction\",\"target\":[\"https:\/\/tutraductorjurado.es\/traduccion-jurada-de-documentos-oficiales\"]}]},{\"@type\":\"BreadcrumbList\",\"@id\":\"https:\/\/tutraductorjurado.es\/traduccion-jurada-de-documentos-oficiales#breadcrumb\",\"itemListElement\":[{\"@type\":\"ListItem\",\"position\":1,\"name\":\"Portada\",\"item\":\"https:\/\/tutraductorjurado.es\/\"},{\"@type\":\"ListItem\",\"position\":2,\"name\":\"TRADUCCI\u00d3N JURADA DE DOCUMENTOS OFICIALES\"}]},{\"@type\":\"WebSite\",\"@id\":\"https:\/\/tutraductorjurado.es\/#website\",\"url\":\"https:\/\/tutraductorjurado.es\/\",\"name\":\"Tu Traductor Jurado\",\"description\":\"Spanish and English Sworn Translations - Official\",\"publisher\":{\"@id\":\"https:\/\/tutraductorjurado.es\/#organization\"},\"potentialAction\":[{\"@type\":\"SearchAction\",\"target\":{\"@type\":\"EntryPoint\",\"urlTemplate\":\"https:\/\/tutraductorjurado.es\/?s={search_term_string}\"},\"query-input\":\"required name=search_term_string\"}],\"inLanguage\":\"en-US\"},{\"@type\":\"Organization\",\"@id\":\"https:\/\/tutraductorjurado.es\/#organization\",\"name\":\"Tu Traductor Jurado\",\"url\":\"https:\/\/tutraductorjurado.es\/\",\"logo\":{\"@type\":\"ImageObject\",\"inLanguage\":\"en-US\",\"@id\":\"https:\/\/tutraductorjurado.es\/#\/schema\/logo\/image\/\",\"url\":\"http:\/\/tutraductorjurado.es\/wp-content\/uploads\/2017\/10\/cropped-tu-traductor-jurado-1.jpg\",\"contentUrl\":\"http:\/\/tutraductorjurado.es\/wp-content\/uploads\/2017\/10\/cropped-tu-traductor-jurado-1.jpg\",\"width\":135,\"height\":70,\"caption\":\"Tu Traductor Jurado\"},\"image\":{\"@id\":\"https:\/\/tutraductorjurado.es\/#\/schema\/logo\/image\/\"},\"sameAs\":[\"https:\/\/www.facebook.com\/tutraductorjurado\",\"https:\/\/twitter.com\/tutraductorjur1\",\"https:\/\/www.youtube.com\/channel\/UCww9sd9wmEBtNSQePgkOsIQ\"]}]}<\/script>\n<!-- \/ Yoast SEO plugin. -->","yoast_head_json":{"title":"TRADUCCI\u00d3N JURADA DE DOCUMENTOS OFICIALES - Yolanda P\u00e9rez","robots":{"index":"index","follow":"follow","max-snippet":"max-snippet:-1","max-image-preview":"max-image-preview:large","max-video-preview":"max-video-preview:-1"},"canonical":"https:\/\/tutraductorjurado.es\/traduccion-jurada-de-documentos-oficiales","og_locale":"en_US","og_type":"article","og_title":"TRADUCCI\u00d3N JURADA DE DOCUMENTOS OFICIALES - Tu Traductor Jurado","og_url":"https:\/\/tutraductorjurado.es\/traduccion-jurada-de-documentos-oficiales","og_site_name":"Tu Traductor Jurado","article_publisher":"https:\/\/www.facebook.com\/tutraductorjurado","article_modified_time":"2024-07-08T14:34:34+00:00","og_image":[{"url":"http:\/\/tutraductorjurado.es\/wp-content\/uploads\/2017\/10\/tu-traductor-jurado-oficial.jpg"}],"twitter_card":"summary_large_image","twitter_site":"@tutraductorjur1","twitter_misc":{"Est. reading time":"3 minutes"},"schema":{"@context":"https:\/\/schema.org","@graph":[{"@type":"WebPage","@id":"https:\/\/tutraductorjurado.es\/traduccion-jurada-de-documentos-oficiales","url":"https:\/\/tutraductorjurado.es\/traduccion-jurada-de-documentos-oficiales","name":"TRADUCCI\u00d3N JURADA DE DOCUMENTOS OFICIALES - Yolanda P\u00e9rez","isPartOf":{"@id":"https:\/\/tutraductorjurado.es\/#website"},"datePublished":"2019-05-20T17:56:40+00:00","dateModified":"2024-07-08T14:34:34+00:00","description":"Traducci\u00f3n jurada de documentos oficiales - Yolanda P\u00e9rez - traductor jurado de ingl\u00e9s y espa\u00f1ol - Sin intermediarios - env\u00edos 24h gratis","breadcrumb":{"@id":"https:\/\/tutraductorjurado.es\/traduccion-jurada-de-documentos-oficiales#breadcrumb"},"inLanguage":"en-US","potentialAction":[{"@type":"ReadAction","target":["https:\/\/tutraductorjurado.es\/traduccion-jurada-de-documentos-oficiales"]}]},{"@type":"BreadcrumbList","@id":"https:\/\/tutraductorjurado.es\/traduccion-jurada-de-documentos-oficiales#breadcrumb","itemListElement":[{"@type":"ListItem","position":1,"name":"Portada","item":"https:\/\/tutraductorjurado.es\/"},{"@type":"ListItem","position":2,"name":"TRADUCCI\u00d3N JURADA DE DOCUMENTOS OFICIALES"}]},{"@type":"WebSite","@id":"https:\/\/tutraductorjurado.es\/#website","url":"https:\/\/tutraductorjurado.es\/","name":"Tu Traductor Jurado","description":"Spanish and English Sworn Translations - Official","publisher":{"@id":"https:\/\/tutraductorjurado.es\/#organization"},"potentialAction":[{"@type":"SearchAction","target":{"@type":"EntryPoint","urlTemplate":"https:\/\/tutraductorjurado.es\/?s={search_term_string}"},"query-input":"required name=search_term_string"}],"inLanguage":"en-US"},{"@type":"Organization","@id":"https:\/\/tutraductorjurado.es\/#organization","name":"Tu Traductor Jurado","url":"https:\/\/tutraductorjurado.es\/","logo":{"@type":"ImageObject","inLanguage":"en-US","@id":"https:\/\/tutraductorjurado.es\/#\/schema\/logo\/image\/","url":"http:\/\/tutraductorjurado.es\/wp-content\/uploads\/2017\/10\/cropped-tu-traductor-jurado-1.jpg","contentUrl":"http:\/\/tutraductorjurado.es\/wp-content\/uploads\/2017\/10\/cropped-tu-traductor-jurado-1.jpg","width":135,"height":70,"caption":"Tu Traductor Jurado"},"image":{"@id":"https:\/\/tutraductorjurado.es\/#\/schema\/logo\/image\/"},"sameAs":["https:\/\/www.facebook.com\/tutraductorjurado","https:\/\/twitter.com\/tutraductorjur1","https:\/\/www.youtube.com\/channel\/UCww9sd9wmEBtNSQePgkOsIQ"]}]}},"_links":{"self":[{"href":"https:\/\/tutraductorjurado.es\/en\/wp-json\/wp\/v2\/pages\/1480"}],"collection":[{"href":"https:\/\/tutraductorjurado.es\/en\/wp-json\/wp\/v2\/pages"}],"about":[{"href":"https:\/\/tutraductorjurado.es\/en\/wp-json\/wp\/v2\/types\/page"}],"author":[{"embeddable":true,"href":"https:\/\/tutraductorjurado.es\/en\/wp-json\/wp\/v2\/users\/1"}],"replies":[{"embeddable":true,"href":"https:\/\/tutraductorjurado.es\/en\/wp-json\/wp\/v2\/comments?post=1480"}],"version-history":[{"count":2,"href":"https:\/\/tutraductorjurado.es\/en\/wp-json\/wp\/v2\/pages\/1480\/revisions"}],"predecessor-version":[{"id":2899,"href":"https:\/\/tutraductorjurado.es\/en\/wp-json\/wp\/v2\/pages\/1480\/revisions\/2899"}],"wp:attachment":[{"href":"https:\/\/tutraductorjurado.es\/en\/wp-json\/wp\/v2\/media?parent=1480"}],"curies":[{"name":"wp","href":"https:\/\/api.w.org\/{rel}","templated":true}]}}