{"id":1415,"date":"2019-05-18T09:49:09","date_gmt":"2019-05-18T09:49:09","guid":{"rendered":"http:\/\/tutraductorjurado.es\/?page_id=1415"},"modified":"2024-07-02T17:52:58","modified_gmt":"2024-07-02T17:52:58","slug":"como-legalizar-una-traduccion-jurada","status":"publish","type":"page","link":"https:\/\/tutraductorjurado.es\/en\/como-legalizar-una-traduccion-jurada","title":{"rendered":"\u00bfC\u00f3mo legalizar una Traducci\u00f3n Jurada?"},"content":{"rendered":"\n<h2 class=\"wp-block-heading\"> Legalizar una Traducci\u00f3n Jurada <\/h2>\n\n\n\n<p>Para legalizar una traducci\u00f3n jurada se puede hacer de 2 formas, dependiendo del pa\u00eds que emite el documento y el destino:<\/p>\n\n\n\n<ul>\n<li>LEGALIZACI\u00d3N ABREVIADA O APOSTILLA DE LA HAYA:<br>Es un tr\u00e1mite sencillo y barato para legalizar una traducci\u00f3n jurada. Este tr\u00e1mite es v\u00e1lido entre los pa\u00edses firmantes del Convenio de La Haya, entre ellos se encuentra Espa\u00f1a. Para solicitar la Apostilla puedes acudir al Ministerio de Justicia o al Colegio de Notarios, de esta forma legalizar\u00e1s la validez del documento original y la autoridad de la persona que lo firma.<\/li>\n\n\n\n<li>LEGALIZACI\u00d3N DIPLOM\u00c1TICA O CONSULAR:<br>En el caso de que el pa\u00eds emisor del documento no figure entre los firmantes del Convenio de La Haya, se deber\u00e1 acudir a la Embajada o Consulado del pa\u00eds que lo emiti\u00f3 para legalizarlo. Una vez traducido el documento, se deber\u00e1 legalizar la traducci\u00f3n jurada en el <a href=\"http:\/\/www.exteriores.gob.es\/PORTAL\/ES\/SERVICIOSALCIUDADANO\/Paginas\/Traductoresas---Int%C3%A9rpretes-Juradosas.aspx\">MAEC<\/a>. <\/li>\n<\/ul>\n\n\n<div class=\"wp-block-image\">\n<figure class=\"aligncenter\"><img decoding=\"async\" loading=\"lazy\" width=\"560\" height=\"315\" src=\"http:\/\/tutraductorjurado.es\/wp-content\/uploads\/2019\/05\/como-legalizar-una-traducci\u00f3n-jurada-apostilla-de-la-haya.jpg\" alt=\"c\u00f3mo legalizar una traducci\u00f3n jurada\" class=\"wp-image-1416\" srcset=\"https:\/\/tutraductorjurado.es\/wp-content\/uploads\/2019\/05\/como-legalizar-una-traducci\u00f3n-jurada-apostilla-de-la-haya.jpg 560w, https:\/\/tutraductorjurado.es\/wp-content\/uploads\/2019\/05\/como-legalizar-una-traducci\u00f3n-jurada-apostilla-de-la-haya-300x169.jpg 300w\" sizes=\"(max-width: 560px) 100vw, 560px\" \/><\/figure><\/div>\n\n\n<h4 class=\"wp-block-heading has-text-align-center\"><strong>ENV\u00cdE AHORA SUS DOCUMENTOS Y RECIBA SU PRESUPUESTO YA<br>(No son necesarios los documentos originales, solo los documentos escaneados)<\/strong><\/h4>\n\n\n\n<h4 class=\"wp-block-heading has-text-align-center\"><\/h4>\n\n\n\n<h3 class=\"wp-block-heading has-text-align-center\">PETICI\u00d3N DE PRESUPUESTO Y\/O INFORMACI\u00d3N<\/h3>\n\n\n\n\n<div class=\"wpcf7 no-js\" id=\"wpcf7-f4-o1\" lang=\"es-ES\" dir=\"ltr\">\n<div class=\"screen-reader-response\"><p role=\"status\" aria-live=\"polite\" aria-atomic=\"true\"><\/p> <ul><\/ul><\/div>\n<form action=\"\/en\/wp-json\/wp\/v2\/pages\/1415#wpcf7-f4-o1\" method=\"post\" class=\"wpcf7-form init cf7skins cf7s-seaspray\" aria-label=\"Formulario de contacto\" enctype=\"multipart\/form-data\" novalidate=\"novalidate\" data-status=\"init\">\n<div style=\"display: none;\">\n<input type=\"hidden\" name=\"_wpcf7\" value=\"4\" \/>\n<input type=\"hidden\" name=\"_wpcf7_version\" value=\"5.8.4\" \/>\n<input type=\"hidden\" name=\"_wpcf7_locale\" value=\"es_ES\" \/>\n<input type=\"hidden\" name=\"_wpcf7_unit_tag\" value=\"wpcf7-f4-o1\" \/>\n<input type=\"hidden\" name=\"_wpcf7_container_post\" value=\"0\" \/>\n<input type=\"hidden\" name=\"_wpcf7_posted_data_hash\" value=\"\" \/>\n<\/div>\n<label> (Sus documentos ser\u00e1n revisados con la <b>m\u00e1xima confidencialidad<\/b>, con el \u00fanico prop\u00f3sito de ofrecerle un presupuesto ajustado, y si este es aceptado, realizar la correspondiente traducci\u00f3n jurada)\n(Sus datos personales no ser\u00e1n utilizados para ninguna acci\u00f3n comercial)\n<\/label>\n<label> Nombre y apellidos (requerido)\n    <span class=\"wpcf7-form-control-wrap\" data-name=\"your-name\"><input size=\"40\" class=\"wpcf7-form-control wpcf7-text wpcf7-validates-as-required\" aria-required=\"true\" aria-invalid=\"false\" value=\"\" type=\"text\" name=\"your-name\" \/><\/span> <\/label>\n\n<label> Email (requerido)\n    <span class=\"wpcf7-form-control-wrap\" data-name=\"your-email\"><input size=\"40\" class=\"wpcf7-form-control wpcf7-email wpcf7-validates-as-required wpcf7-text wpcf7-validates-as-email\" aria-required=\"true\" aria-invalid=\"false\" value=\"\" type=\"email\" name=\"your-email\" \/><\/span> <\/label>\n\n<label> Tel\u00e9fono: (requerido)\n<span class=\"wpcf7-form-control-wrap\" data-name=\"telefono\"><input size=\"40\" class=\"wpcf7-form-control wpcf7-tel wpcf7-validates-as-required wpcf7-text wpcf7-validates-as-tel\" aria-required=\"true\" aria-invalid=\"false\" value=\"\" type=\"tel\" name=\"telefono\" \/><\/span><\/label>\n\n<label> Plazo o fecha para cuando necesita su traducci\u00f3n (requerido)\n    <span class=\"wpcf7-form-control-wrap\" data-name=\"fecha\"><input size=\"40\" class=\"wpcf7-form-control wpcf7-text wpcf7-validates-as-required\" aria-required=\"true\" aria-invalid=\"false\" value=\"\" type=\"text\" name=\"fecha\" \/><\/span> <\/label>\n\n<label> Direcci\u00f3n de entrega de la traducci\u00f3n (requerido)\n    <span class=\"wpcf7-form-control-wrap\" data-name=\"direccion\"><input size=\"40\" class=\"wpcf7-form-control wpcf7-text wpcf7-validates-as-required\" aria-required=\"true\" aria-invalid=\"false\" value=\"\" type=\"text\" name=\"direccion\" \/><\/span> <\/label>\n\n<label> Por favor, en caso de requerir factura para empresa o profesional seleccione la opci\u00f3n Empresa\/profesional. (requerido)<\/label>\n<span class=\"wpcf7-form-control-wrap\" data-name=\"Particular-Empresa\"><span class=\"wpcf7-form-control wpcf7-radio\"><span class=\"wpcf7-list-item first\"><label><input type=\"radio\" name=\"Particular-Empresa\" value=\"Particular\" \/><span class=\"wpcf7-list-item-label\">Particular<\/span><\/label><\/span><span class=\"wpcf7-list-item last\"><label><input type=\"radio\" name=\"Particular-Empresa\" value=\"Empresa\/Profesional\" \/><span class=\"wpcf7-list-item-label\">Empresa\/Profesional<\/span><\/label><\/span><\/span><\/span>\n\n<span class=\"wpcf7-form-control-wrap\" data-name=\"idioma\"><select class=\"wpcf7-form-control wpcf7-select\" aria-invalid=\"false\" name=\"idioma\"><option value=\"Ingl\u00e9s a Espa\u00f1ol\">Ingl\u00e9s a Espa\u00f1ol<\/option><option value=\"Espa\u00f1ol a Ingl\u00e9s\">Espa\u00f1ol a Ingl\u00e9s<\/option><\/select><\/span>\n\n\n<label> Mensaje:\n    <span class=\"wpcf7-form-control-wrap\" data-name=\"your-message\"><textarea cols=\"40\" rows=\"10\" class=\"wpcf7-form-control wpcf7-textarea\" aria-invalid=\"false\" name=\"your-message\"><\/textarea><\/span> <\/label>\n\n<label> Seleccione los documentos para traducir:\n<\/label>\n<span class=\"wpcf7-form-control-wrap\" data-name=\"archivo\"><input size=\"40\" class=\"wpcf7-form-control wpcf7-file\" accept=\".pdf,.doc,.docx,.jpg,.jpeg,.png\" aria-invalid=\"false\" type=\"file\" name=\"archivo\" \/><\/span>\n<span class=\"wpcf7-form-control-wrap\" data-name=\"archivo1\"><input size=\"40\" class=\"wpcf7-form-control wpcf7-file\" accept=\".pdf,.doc,.docx,.jpg,.jpeg,.png\" aria-invalid=\"false\" type=\"file\" name=\"archivo1\" \/><\/span>\n<span class=\"wpcf7-form-control-wrap\" data-name=\"archivo2\"><input size=\"40\" class=\"wpcf7-form-control wpcf7-file\" accept=\".pdf,.doc,.docx,.jpg,.jpeg,.png\" aria-invalid=\"false\" type=\"file\" name=\"archivo2\" \/><\/span>\n<span class=\"wpcf7-form-control-wrap\" data-name=\"archivo3\"><input size=\"40\" class=\"wpcf7-form-control wpcf7-file\" accept=\".pdf,.doc,.docx,.jpg,.jpeg,.png\" aria-invalid=\"false\" type=\"file\" name=\"archivo3\" \/><\/span>\n<span class=\"wpcf7-form-control-wrap\" data-name=\"archivo4\"><input size=\"40\" class=\"wpcf7-form-control wpcf7-file\" accept=\".pdf,.doc,.docx,.jpg,.jpeg,.png\" aria-invalid=\"false\" type=\"file\" name=\"archivo4\" \/><\/span>\n\n<p><span class=\"wpcf7-form-control-wrap\" data-name=\"acceptance\"><span class=\"wpcf7-form-control wpcf7-acceptance\"><span class=\"wpcf7-list-item\"><input type=\"checkbox\" name=\"acceptance\" value=\"1\" aria-invalid=\"false\" \/><\/span><\/span><\/span> Seleccione la casilla para aceptar las siguientes<a href=\"http:\/\/tutraductorjurado.es\/politica-privacidad\" target=\"_blank\"> Pol\u00edtica de privacidad<\/a><\/p>\n<span class=\"wpcf7-form-control-wrap kc_captcha\" data-name=\"kc_captcha\"><span class=\"wpcf7-form-control wpcf7-radio\"><span class=\"captcha-image\" ><span class=\"cf7ic_instructions\">Por favor demuestra que eres humano, selecciona<span>  la tecla<\/span>.<\/span><label><input type=\"radio\" name=\"kc_captcha\" value=\"kc_human\" \/><svg width=\"50\" height=\"50\" aria-hidden=\"true\" role=\"img\" xmlns=\"http:\/\/www.w3.org\/2000\/svg\" viewBox=\"0 0 512 512\"><path fill=\"currentColor\" d=\"M512 176a176 176 0 01-209 173l-24 27a24 24 0 01-18 8h-37v40c0 13-11 24-24 24h-40v40c0 13-11 24-24 24H24c-13 0-24-11-24-24v-78c0-6 3-13 7-17l162-162a176 176 0 11343-55zm-176-48a48 48 0 1096 0 48 48 0 00-96 0z\"\/><\/svg><\/label><label><input type=\"radio\" name=\"kc_captcha\" value=\"bot\" \/><svg width=\"50\" height=\"50\" aria-hidden=\"true\" role=\"img\" xmlns=\"http:\/\/www.w3.org\/2000\/svg\" viewBox=\"0 0 640 512\"><path fill=\"currentColor\" d=\"M624 352h-16V244c0-13-5-25-14-34L494 110c-9-9-21-14-34-14h-44V48c0-26-21-48-48-48H48C22 0 0 22 0 48v320c0 27 22 48 48 48h16a96 96 0 00192 0h128a96 96 0 00192 0h48c9 0 16-7 16-16v-32c0-9-7-16-16-16zM160 464a48 48 0 110-96 48 48 0 010 96zm320 0a48 48 0 110-96 48 48 0 010 96zm80-208H416V144h44l100 100v12z\"\/><\/svg><\/label><label><input type=\"radio\" name=\"kc_captcha\" value=\"bot\" \/><svg width=\"50\" height=\"50\" aria-hidden=\"true\" role=\"img\" xmlns=\"http:\/\/www.w3.org\/2000\/svg\" viewBox=\"0 0 576 512\"><path fill=\"currentColor\" d=\"M472 200H360L256 6a12 12 0 00-10-6h-58c-8 0-14 7-12 15l34 185H100l-35-58a12 12 0 00-10-6H12c-8 0-13 7-12 14l21 106L0 362c-1 7 4 14 12 14h43c4 0 8-2 10-6l35-58h110l-34 185c-2 8 4 15 12 15h58a12 12 0 0010-6l104-194h112c57 0 104-25 104-56s-47-56-104-56z\"\/><\/svg><\/label>\r\n    <\/span>\r\n    <span style=\"display:none\">\r\n        <input type=\"text\" name=\"kc_honeypot\">\r\n    <\/span><\/span><\/span>\n\n<input class=\"wpcf7-form-control wpcf7-submit has-spinner\" type=\"submit\" value=\"Enviar\" \/><p style=\"display: none !important;\"><label>&#916;<textarea name=\"_wpcf7_ak_hp_textarea\" cols=\"45\" rows=\"8\" maxlength=\"100\"><\/textarea><\/label><input type=\"hidden\" id=\"ak_js_1\" name=\"_wpcf7_ak_js\" value=\"214\"\/><script>document.getElementById( \"ak_js_1\" ).setAttribute( \"value\", ( new Date() ).getTime() );<\/script><\/p><div class=\"wpcf7-response-output\" aria-hidden=\"true\"><\/div>\n<\/form>\n<\/div>\n\n\n\n<div class=\"wp-block-image\">\n<figure class=\"aligncenter\"><img decoding=\"async\" src=\"http:\/\/tutraductorjurado.es\/wp-content\/uploads\/2017\/10\/tu-traductor-jurado-oficial.jpg\" alt=\"tu traductor jurado oficial\"\/><\/figure><\/div>\n\n\n<h4 class=\"wp-block-heading\">D\u00f3nde legalizar un documento notarial:<\/h4>\n\n\n\n<p>Las escrituras y documentos del Registro Civil como las partidas de nacimiento, se legalizan en el Colegio de Notarios de tu ciudad.<\/p>\n\n\n\n<h4 class=\"wp-block-heading\">D\u00f3nde legalizar un <a href=\"http:\/\/tutraductorjurado.es\/traduccion-antecedentes-penales\">certificado de antecedentes penales<\/a>:<\/h4>\n\n\n\n<p>Los certificados de antecedentes penales se pueden legalizar en el Ministerio de Justicia o sus delegaciones.<\/p>\n\n\n\n<h4 class=\"wp-block-heading\">D\u00f3nde legalizar actas de nacimiento, defunci\u00f3n, matrimonio, fe de vida y resoluciones judiciales:<\/h4>\n\n\n\n<p>En el Tribunal Superior de Justicia<\/p>\n\n\n\n<h4 class=\"wp-block-heading\">PA\u00cdSES FIRMANTES DEL CONVENIO DE LA HAYA:<\/h4>\n\n\n\n<p><strong>Pa\u00edses que reconocen la apostilla de La Haya<\/strong>: Alemania, Andorra, Antigua y Barbuda, Argentina, Armenia, Australia, Austria, Bahamas, Barbados, B\u00e9lgica, Belice, Bielorrusia, Bosnia, Herzegovina, Botswana, Brunei, Darussalam, Bulgaria, Chipre, Colombia, Croacia, Ecuador, El Salvador, Eslovaquia, Eslovenia, Espa\u00f1a, Estados Unidos de Am\u00e9rica, Estonia, Federaci\u00f3n de Rusia, Fidji, Finlandia, Francia, Grecia, Hungr\u00eda, Irlanda, Isla Marshall, Isla Mauricio, Israel, Italia, Jap\u00f3n, Kazajst\u00e1n, Lesotho, Letonia, Liberia, Liechtenstein, Luxemburgo, Macedonia, Antigua Rep\u00fablica Yugoslava, Malawi, Malta, M\u00e9xico, Namibia, Niue, Noruega, Pa\u00edses Bajos, Panam\u00e1, Portugal, Rep\u00fablica Dominicana, Reino Unido de Gran Breta\u00f1a e Irlanda del Norte, Ruman\u00eda, San Crist\u00f3bal y Nieves, San Marino, Seychelles, Sud\u00e1frica, Suiza, Surinam, Swazilandia, Tonga, Turqu\u00eda, Ucran\u00eda y Venezuela.\n\n<\/p>\n","protected":false},"excerpt":{"rendered":"<p>Legalizar una Traducci\u00f3n Jurada Para legalizar una traducci\u00f3n jurada se puede hacer de 2 formas,&#8230;<\/p>\n","protected":false},"author":1,"featured_media":0,"parent":0,"menu_order":0,"comment_status":"closed","ping_status":"closed","template":"","meta":{"_mi_skip_tracking":false,"_monsterinsights_sitenote_active":false,"_monsterinsights_sitenote_note":"","_monsterinsights_sitenote_category":0,"footnotes":""},"translation":{"provider":"WPGlobus","version":"2.12.2","language":"en","enabled_languages":["es","en"],"languages":{"es":{"title":true,"content":true,"excerpt":false},"en":{"title":false,"content":false,"excerpt":false}}},"yoast_head":"<!-- This site is optimized with the Yoast SEO plugin v21.6 - https:\/\/yoast.com\/wordpress\/plugins\/seo\/ -->\n<title>\u00bfC\u00f3mo legalizar una Traducci\u00f3n Jurada? - Tu Traductor Jurado<\/title>\n<meta name=\"robots\" content=\"index, follow, max-snippet:-1, max-image-preview:large, max-video-preview:-1\" \/>\n<link rel=\"canonical\" href=\"https:\/\/tutraductorjurado.es\/como-legalizar-una-traduccion-jurada\" \/>\n<meta property=\"og:locale\" content=\"en_US\" \/>\n<meta property=\"og:type\" content=\"article\" \/>\n<meta property=\"og:title\" content=\"\u00bfC\u00f3mo legalizar una Traducci\u00f3n Jurada? - Tu Traductor Jurado\" \/>\n<meta property=\"og:url\" content=\"https:\/\/tutraductorjurado.es\/como-legalizar-una-traduccion-jurada\" \/>\n<meta property=\"og:site_name\" content=\"Tu Traductor Jurado\" \/>\n<meta property=\"article:publisher\" content=\"https:\/\/www.facebook.com\/tutraductorjurado\" \/>\n<meta property=\"article:modified_time\" content=\"2024-07-02T17:52:58+00:00\" \/>\n<meta property=\"og:image\" content=\"http:\/\/tutraductorjurado.es\/wp-content\/uploads\/2017\/10\/tu-traductor-jurado-oficial.jpg\" \/>\n<meta name=\"twitter:card\" content=\"summary_large_image\" \/>\n<meta name=\"twitter:site\" content=\"@tutraductorjur1\" \/>\n<meta name=\"twitter:label1\" content=\"Tiempo de lectura\" \/>\n\t<meta name=\"twitter:data1\" content=\"3 minutes\" \/>\n<script type=\"application\/ld+json\" class=\"yoast-schema-graph\">{\"@context\":\"https:\/\/schema.org\",\"@graph\":[{\"@type\":\"WebPage\",\"@id\":\"https:\/\/tutraductorjurado.es\/como-legalizar-una-traduccion-jurada\",\"url\":\"https:\/\/tutraductorjurado.es\/como-legalizar-una-traduccion-jurada\",\"name\":\"\u00bfC\u00f3mo legalizar una Traducci\u00f3n Jurada? - Tu Traductor Jurado\",\"isPartOf\":{\"@id\":\"https:\/\/tutraductorjurado.es\/#website\"},\"datePublished\":\"2019-05-18T09:49:09+00:00\",\"dateModified\":\"2024-07-02T17:52:58+00:00\",\"description\":\"Proceso para legalizar una traducci\u00f3n Jurada. Traductor Jurado Oficial. \u00bfQu\u00e9 es y cu\u00e1ndo necesito la apostilla de la Haya?\",\"breadcrumb\":{\"@id\":\"https:\/\/tutraductorjurado.es\/como-legalizar-una-traduccion-jurada#breadcrumb\"},\"inLanguage\":\"en-US\",\"potentialAction\":[{\"@type\":\"ReadAction\",\"target\":[\"https:\/\/tutraductorjurado.es\/como-legalizar-una-traduccion-jurada\"]}]},{\"@type\":\"BreadcrumbList\",\"@id\":\"https:\/\/tutraductorjurado.es\/como-legalizar-una-traduccion-jurada#breadcrumb\",\"itemListElement\":[{\"@type\":\"ListItem\",\"position\":1,\"name\":\"Portada\",\"item\":\"https:\/\/tutraductorjurado.es\/\"},{\"@type\":\"ListItem\",\"position\":2,\"name\":\"\u00bfC\u00f3mo legalizar una Traducci\u00f3n Jurada?\"}]},{\"@type\":\"WebSite\",\"@id\":\"https:\/\/tutraductorjurado.es\/#website\",\"url\":\"https:\/\/tutraductorjurado.es\/\",\"name\":\"Tu Traductor Jurado\",\"description\":\"Spanish and English Sworn Translations - Official\",\"publisher\":{\"@id\":\"https:\/\/tutraductorjurado.es\/#organization\"},\"potentialAction\":[{\"@type\":\"SearchAction\",\"target\":{\"@type\":\"EntryPoint\",\"urlTemplate\":\"https:\/\/tutraductorjurado.es\/?s={search_term_string}\"},\"query-input\":\"required name=search_term_string\"}],\"inLanguage\":\"en-US\"},{\"@type\":\"Organization\",\"@id\":\"https:\/\/tutraductorjurado.es\/#organization\",\"name\":\"Tu Traductor Jurado\",\"url\":\"https:\/\/tutraductorjurado.es\/\",\"logo\":{\"@type\":\"ImageObject\",\"inLanguage\":\"en-US\",\"@id\":\"https:\/\/tutraductorjurado.es\/#\/schema\/logo\/image\/\",\"url\":\"http:\/\/tutraductorjurado.es\/wp-content\/uploads\/2017\/10\/cropped-tu-traductor-jurado-1.jpg\",\"contentUrl\":\"http:\/\/tutraductorjurado.es\/wp-content\/uploads\/2017\/10\/cropped-tu-traductor-jurado-1.jpg\",\"width\":135,\"height\":70,\"caption\":\"Tu Traductor Jurado\"},\"image\":{\"@id\":\"https:\/\/tutraductorjurado.es\/#\/schema\/logo\/image\/\"},\"sameAs\":[\"https:\/\/www.facebook.com\/tutraductorjurado\",\"https:\/\/twitter.com\/tutraductorjur1\",\"https:\/\/www.youtube.com\/channel\/UCww9sd9wmEBtNSQePgkOsIQ\"]}]}<\/script>\n<!-- \/ Yoast SEO plugin. -->","yoast_head_json":{"title":"\u00bfC\u00f3mo legalizar una Traducci\u00f3n Jurada? - Tu Traductor Jurado","robots":{"index":"index","follow":"follow","max-snippet":"max-snippet:-1","max-image-preview":"max-image-preview:large","max-video-preview":"max-video-preview:-1"},"canonical":"https:\/\/tutraductorjurado.es\/como-legalizar-una-traduccion-jurada","og_locale":"en_US","og_type":"article","og_title":"\u00bfC\u00f3mo legalizar una Traducci\u00f3n Jurada? - Tu Traductor Jurado","og_url":"https:\/\/tutraductorjurado.es\/como-legalizar-una-traduccion-jurada","og_site_name":"Tu Traductor Jurado","article_publisher":"https:\/\/www.facebook.com\/tutraductorjurado","article_modified_time":"2024-07-02T17:52:58+00:00","og_image":[{"url":"http:\/\/tutraductorjurado.es\/wp-content\/uploads\/2017\/10\/tu-traductor-jurado-oficial.jpg"}],"twitter_card":"summary_large_image","twitter_site":"@tutraductorjur1","twitter_misc":{"Tiempo de lectura":"3 minutes"},"schema":{"@context":"https:\/\/schema.org","@graph":[{"@type":"WebPage","@id":"https:\/\/tutraductorjurado.es\/como-legalizar-una-traduccion-jurada","url":"https:\/\/tutraductorjurado.es\/como-legalizar-una-traduccion-jurada","name":"\u00bfC\u00f3mo legalizar una Traducci\u00f3n Jurada? - Tu Traductor Jurado","isPartOf":{"@id":"https:\/\/tutraductorjurado.es\/#website"},"datePublished":"2019-05-18T09:49:09+00:00","dateModified":"2024-07-02T17:52:58+00:00","description":"Proceso para legalizar una traducci\u00f3n Jurada. Traductor Jurado Oficial. \u00bfQu\u00e9 es y cu\u00e1ndo necesito la apostilla de la Haya?","breadcrumb":{"@id":"https:\/\/tutraductorjurado.es\/como-legalizar-una-traduccion-jurada#breadcrumb"},"inLanguage":"en-US","potentialAction":[{"@type":"ReadAction","target":["https:\/\/tutraductorjurado.es\/como-legalizar-una-traduccion-jurada"]}]},{"@type":"BreadcrumbList","@id":"https:\/\/tutraductorjurado.es\/como-legalizar-una-traduccion-jurada#breadcrumb","itemListElement":[{"@type":"ListItem","position":1,"name":"Portada","item":"https:\/\/tutraductorjurado.es\/"},{"@type":"ListItem","position":2,"name":"\u00bfC\u00f3mo legalizar una Traducci\u00f3n Jurada?"}]},{"@type":"WebSite","@id":"https:\/\/tutraductorjurado.es\/#website","url":"https:\/\/tutraductorjurado.es\/","name":"Tu Traductor Jurado","description":"Spanish and English Sworn Translations - Official","publisher":{"@id":"https:\/\/tutraductorjurado.es\/#organization"},"potentialAction":[{"@type":"SearchAction","target":{"@type":"EntryPoint","urlTemplate":"https:\/\/tutraductorjurado.es\/?s={search_term_string}"},"query-input":"required name=search_term_string"}],"inLanguage":"en-US"},{"@type":"Organization","@id":"https:\/\/tutraductorjurado.es\/#organization","name":"Tu Traductor Jurado","url":"https:\/\/tutraductorjurado.es\/","logo":{"@type":"ImageObject","inLanguage":"en-US","@id":"https:\/\/tutraductorjurado.es\/#\/schema\/logo\/image\/","url":"http:\/\/tutraductorjurado.es\/wp-content\/uploads\/2017\/10\/cropped-tu-traductor-jurado-1.jpg","contentUrl":"http:\/\/tutraductorjurado.es\/wp-content\/uploads\/2017\/10\/cropped-tu-traductor-jurado-1.jpg","width":135,"height":70,"caption":"Tu Traductor Jurado"},"image":{"@id":"https:\/\/tutraductorjurado.es\/#\/schema\/logo\/image\/"},"sameAs":["https:\/\/www.facebook.com\/tutraductorjurado","https:\/\/twitter.com\/tutraductorjur1","https:\/\/www.youtube.com\/channel\/UCww9sd9wmEBtNSQePgkOsIQ"]}]}},"_links":{"self":[{"href":"https:\/\/tutraductorjurado.es\/en\/wp-json\/wp\/v2\/pages\/1415"}],"collection":[{"href":"https:\/\/tutraductorjurado.es\/en\/wp-json\/wp\/v2\/pages"}],"about":[{"href":"https:\/\/tutraductorjurado.es\/en\/wp-json\/wp\/v2\/types\/page"}],"author":[{"embeddable":true,"href":"https:\/\/tutraductorjurado.es\/en\/wp-json\/wp\/v2\/users\/1"}],"replies":[{"embeddable":true,"href":"https:\/\/tutraductorjurado.es\/en\/wp-json\/wp\/v2\/comments?post=1415"}],"version-history":[{"count":1,"href":"https:\/\/tutraductorjurado.es\/en\/wp-json\/wp\/v2\/pages\/1415\/revisions"}],"predecessor-version":[{"id":2768,"href":"https:\/\/tutraductorjurado.es\/en\/wp-json\/wp\/v2\/pages\/1415\/revisions\/2768"}],"wp:attachment":[{"href":"https:\/\/tutraductorjurado.es\/en\/wp-json\/wp\/v2\/media?parent=1415"}],"curies":[{"name":"wp","href":"https:\/\/api.w.org\/{rel}","templated":true}]}}