{"id":1407,"date":"2019-05-17T21:15:11","date_gmt":"2019-05-17T21:15:11","guid":{"rendered":"http:\/\/tutraductorjurado.es\/?page_id=1407"},"modified":"2024-07-08T14:33:52","modified_gmt":"2024-07-08T14:33:52","slug":"traduccion-jurada-de-certificado-trinity-y-cambridge","status":"publish","type":"page","link":"https:\/\/tutraductorjurado.es\/en\/traduccion-jurada-de-certificado-trinity-y-cambridge","title":{"rendered":"Traducci\u00f3n Jurada de Certificado Trinity y Cambridge"},"content":{"rendered":"\n<h2 class=\"wp-block-heading\">TRADUCCI\u00d3N JURADA DE CERTIFICADO TRINITY Y CAMBRIDGE<\/h2>\n\n\n\n<p>En ocasiones, para ciertos tr\u00e1mites, la administraci\u00f3n nos solicita la <strong>traducci\u00f3n jurada del certificado Trinity<\/strong> o Cambridge y as\u00ed podamos acreditar el nivel de idiomas de acuerdo con el Marco Com\u00fan Europeo de Referencia para las lenguas (MCER o CEFR).<\/p>\n\n\n\n<p>Estos certificados son expedidos en ingl\u00e9s, y deben ser traducidos por un <a href=\"http:\/\/tutraductorjurado.es\/\">traductor jurado<\/a> acreditado por el <a href=\"http:\/\/www.exteriores.gob.es\/PORTAL\/ES\/SERVICIOSALCIUDADANO\/Paginas\/Traductoresas---Int%C3%A9rpretes-Juradosas.aspx\">MAEC<\/a> para as\u00ed ser aceptados en Espa\u00f1a.<\/p>\n\n\n\n<p>Para poder recibir una traducci\u00f3n jurada de tu <strong>certificado Trinity o Cambridge<\/strong>, \u00fanicamente debes seguir estos 4 pasos:<\/p>\n\n\n\n<ul>\n<li><strong>Env\u00edame tu certificado<\/strong> indic\u00e1ndome tu direcci\u00f3n y plazo de entrega a trav\u00e9s del formulario o por correo electr\u00f3nico a yolanda@tutraductorjurado.es<\/li>\n\n\n\n<li><strong>Recibir\u00e1s un presupuesto y plazo<\/strong> de entrega<\/li>\n\n\n\n<li>En cuanto lo <strong>aceptes<\/strong> comienzo la traducci\u00f3n jurada del certificado<\/li>\n\n\n\n<li>Una vez finalizada la traducci\u00f3n jurada, <strong>recibir\u00e1s el certificado traducido en PDF<\/strong> en tu correo y <strong>24 horas despu\u00e9s lo recibir\u00e1s en papel<\/strong> en tu domicilio.<\/li>\n<\/ul>\n\n\n\n<h4 class=\"wp-block-heading has-text-align-center\"><strong>ENV\u00cdE AHORA SUS DOCUMENTOS Y RECIBA SU PRESUPUESTO YA<br>(No son necesarios los documentos originales, solo los documentos escaneados)<\/strong><\/h4>\n\n\n\n<h4 class=\"wp-block-heading has-text-align-center\"><\/h4>\n\n\n\n<h3 class=\"wp-block-heading has-text-align-center\">PETICI\u00d3N DE PRESUPUESTO Y\/O INFORMACI\u00d3N<\/h3>\n\n\n\n<p class=\"wpcf7-contact-form-not-found\"><strong>Error:<\/strong> Contact form not found.<\/p>\n\n\n\n<p>Yolanda P\u00e9rez es <strong>traductora jurada certificada<\/strong> por el Ministerio de Asuntos Exteriores. Est\u00e1 habilitada para realizar traducciones juradas de todo tipo de documentos en ingl\u00e9s y espa\u00f1ol. Sus traducciones juradas son 100% v\u00e1lidas en Espa\u00f1a y el extranjero. <\/p>\n\n\n\n<p><br>Yolanda est\u00e1 especializada en la realizaci\u00f3n de <strong>traducciones juradas de documentos acad\u00e9micos <\/strong>tales como certificados de estudios, t\u00edtulos universitarios, expedientes acad\u00e9micos y por supuesto la <strong>traducci\u00f3n jurada de certificados Trinity y Cambridge<\/strong>.<\/p>\n\n\n\n<p class=\"has-text-align-center\"><img decoding=\"async\" class=\"wp-image-1412\" style=\"width: 600px;\" src=\"http:\/\/tutraductorjurado.es\/wp-content\/uploads\/2019\/05\/TRADUCCI\u00d3N-JURADA-DE-CERTIFICADO-TRINITY-Y-CAMBRIDGE.jpg\" alt=\"TRADUCCI\u00d3N JURADA DE CERTIFICADO TRINITY Y CAMBRIDGE\"><\/p>\n","protected":false},"excerpt":{"rendered":"<p>TRADUCCI\u00d3N JURADA DE CERTIFICADO TRINITY Y CAMBRIDGE En ocasiones, para ciertos tr\u00e1mites, la administraci\u00f3n nos&#8230;<\/p>\n","protected":false},"author":1,"featured_media":0,"parent":0,"menu_order":0,"comment_status":"closed","ping_status":"closed","template":"","meta":{"_mi_skip_tracking":false,"_monsterinsights_sitenote_active":false,"_monsterinsights_sitenote_note":"","_monsterinsights_sitenote_category":0,"footnotes":""},"translation":{"provider":"WPGlobus","version":"2.12.2","language":"en","enabled_languages":["es","en"],"languages":{"es":{"title":true,"content":true,"excerpt":false},"en":{"title":false,"content":false,"excerpt":false}}},"yoast_head":"<!-- This site is optimized with the Yoast SEO plugin v21.6 - https:\/\/yoast.com\/wordpress\/plugins\/seo\/ -->\n<title>Traducci\u00f3n Jurada de Certificado Trinity y Cambridge - OFICIAL<\/title>\n<meta name=\"robots\" content=\"index, follow, max-snippet:-1, max-image-preview:large, max-video-preview:-1\" \/>\n<link rel=\"canonical\" href=\"https:\/\/tutraductorjurado.es\/traduccion-jurada-de-certificado-trinity-y-cambridge\" \/>\n<meta property=\"og:locale\" content=\"en_US\" \/>\n<meta property=\"og:type\" content=\"article\" \/>\n<meta property=\"og:title\" content=\"Traducci\u00f3n Jurada de Certificado Trinity y Cambridge - Tu Traductor Jurado\" \/>\n<meta property=\"og:url\" content=\"https:\/\/tutraductorjurado.es\/traduccion-jurada-de-certificado-trinity-y-cambridge\" \/>\n<meta property=\"og:site_name\" content=\"Tu Traductor Jurado\" \/>\n<meta property=\"article:publisher\" content=\"https:\/\/www.facebook.com\/tutraductorjurado\" \/>\n<meta property=\"article:modified_time\" content=\"2024-07-08T14:33:52+00:00\" \/>\n<meta name=\"twitter:card\" content=\"summary_large_image\" \/>\n<meta name=\"twitter:site\" content=\"@tutraductorjur1\" \/>\n<meta name=\"twitter:label1\" content=\"Est. reading time\" \/>\n\t<meta name=\"twitter:data1\" content=\"2 minutes\" \/>\n<script type=\"application\/ld+json\" class=\"yoast-schema-graph\">{\"@context\":\"https:\/\/schema.org\",\"@graph\":[{\"@type\":\"WebPage\",\"@id\":\"https:\/\/tutraductorjurado.es\/traduccion-jurada-de-certificado-trinity-y-cambridge\",\"url\":\"https:\/\/tutraductorjurado.es\/traduccion-jurada-de-certificado-trinity-y-cambridge\",\"name\":\"Traducci\u00f3n Jurada de Certificado Trinity y Cambridge - OFICIAL\",\"isPartOf\":{\"@id\":\"https:\/\/tutraductorjurado.es\/#website\"},\"datePublished\":\"2019-05-17T21:15:11+00:00\",\"dateModified\":\"2024-07-08T14:33:52+00:00\",\"description\":\"Traducci\u00f3n jurada de certificado Trinity y Cambridge - Yolanda P\u00e9rez, traductor Jurado Certificado por el MAEC. TRADUCCIONES OFICIALES\",\"breadcrumb\":{\"@id\":\"https:\/\/tutraductorjurado.es\/traduccion-jurada-de-certificado-trinity-y-cambridge#breadcrumb\"},\"inLanguage\":\"en-US\",\"potentialAction\":[{\"@type\":\"ReadAction\",\"target\":[\"https:\/\/tutraductorjurado.es\/traduccion-jurada-de-certificado-trinity-y-cambridge\"]}]},{\"@type\":\"BreadcrumbList\",\"@id\":\"https:\/\/tutraductorjurado.es\/traduccion-jurada-de-certificado-trinity-y-cambridge#breadcrumb\",\"itemListElement\":[{\"@type\":\"ListItem\",\"position\":1,\"name\":\"Portada\",\"item\":\"https:\/\/tutraductorjurado.es\/\"},{\"@type\":\"ListItem\",\"position\":2,\"name\":\"Traducci\u00f3n Jurada de Certificado Trinity y Cambridge\"}]},{\"@type\":\"WebSite\",\"@id\":\"https:\/\/tutraductorjurado.es\/#website\",\"url\":\"https:\/\/tutraductorjurado.es\/\",\"name\":\"Tu Traductor Jurado\",\"description\":\"Spanish and English Sworn Translations - Official\",\"publisher\":{\"@id\":\"https:\/\/tutraductorjurado.es\/#organization\"},\"potentialAction\":[{\"@type\":\"SearchAction\",\"target\":{\"@type\":\"EntryPoint\",\"urlTemplate\":\"https:\/\/tutraductorjurado.es\/?s={search_term_string}\"},\"query-input\":\"required name=search_term_string\"}],\"inLanguage\":\"en-US\"},{\"@type\":\"Organization\",\"@id\":\"https:\/\/tutraductorjurado.es\/#organization\",\"name\":\"Tu Traductor Jurado\",\"url\":\"https:\/\/tutraductorjurado.es\/\",\"logo\":{\"@type\":\"ImageObject\",\"inLanguage\":\"en-US\",\"@id\":\"https:\/\/tutraductorjurado.es\/#\/schema\/logo\/image\/\",\"url\":\"http:\/\/tutraductorjurado.es\/wp-content\/uploads\/2017\/10\/cropped-tu-traductor-jurado-1.jpg\",\"contentUrl\":\"http:\/\/tutraductorjurado.es\/wp-content\/uploads\/2017\/10\/cropped-tu-traductor-jurado-1.jpg\",\"width\":135,\"height\":70,\"caption\":\"Tu Traductor Jurado\"},\"image\":{\"@id\":\"https:\/\/tutraductorjurado.es\/#\/schema\/logo\/image\/\"},\"sameAs\":[\"https:\/\/www.facebook.com\/tutraductorjurado\",\"https:\/\/twitter.com\/tutraductorjur1\",\"https:\/\/www.youtube.com\/channel\/UCww9sd9wmEBtNSQePgkOsIQ\"]}]}<\/script>\n<!-- \/ Yoast SEO plugin. -->","yoast_head_json":{"title":"Traducci\u00f3n Jurada de Certificado Trinity y Cambridge - OFICIAL","robots":{"index":"index","follow":"follow","max-snippet":"max-snippet:-1","max-image-preview":"max-image-preview:large","max-video-preview":"max-video-preview:-1"},"canonical":"https:\/\/tutraductorjurado.es\/traduccion-jurada-de-certificado-trinity-y-cambridge","og_locale":"en_US","og_type":"article","og_title":"Traducci\u00f3n Jurada de Certificado Trinity y Cambridge - Tu Traductor Jurado","og_url":"https:\/\/tutraductorjurado.es\/traduccion-jurada-de-certificado-trinity-y-cambridge","og_site_name":"Tu Traductor Jurado","article_publisher":"https:\/\/www.facebook.com\/tutraductorjurado","article_modified_time":"2024-07-08T14:33:52+00:00","twitter_card":"summary_large_image","twitter_site":"@tutraductorjur1","twitter_misc":{"Est. reading time":"2 minutes"},"schema":{"@context":"https:\/\/schema.org","@graph":[{"@type":"WebPage","@id":"https:\/\/tutraductorjurado.es\/traduccion-jurada-de-certificado-trinity-y-cambridge","url":"https:\/\/tutraductorjurado.es\/traduccion-jurada-de-certificado-trinity-y-cambridge","name":"Traducci\u00f3n Jurada de Certificado Trinity y Cambridge - OFICIAL","isPartOf":{"@id":"https:\/\/tutraductorjurado.es\/#website"},"datePublished":"2019-05-17T21:15:11+00:00","dateModified":"2024-07-08T14:33:52+00:00","description":"Traducci\u00f3n jurada de certificado Trinity y Cambridge - Yolanda P\u00e9rez, traductor Jurado Certificado por el MAEC. TRADUCCIONES OFICIALES","breadcrumb":{"@id":"https:\/\/tutraductorjurado.es\/traduccion-jurada-de-certificado-trinity-y-cambridge#breadcrumb"},"inLanguage":"en-US","potentialAction":[{"@type":"ReadAction","target":["https:\/\/tutraductorjurado.es\/traduccion-jurada-de-certificado-trinity-y-cambridge"]}]},{"@type":"BreadcrumbList","@id":"https:\/\/tutraductorjurado.es\/traduccion-jurada-de-certificado-trinity-y-cambridge#breadcrumb","itemListElement":[{"@type":"ListItem","position":1,"name":"Portada","item":"https:\/\/tutraductorjurado.es\/"},{"@type":"ListItem","position":2,"name":"Traducci\u00f3n Jurada de Certificado Trinity y Cambridge"}]},{"@type":"WebSite","@id":"https:\/\/tutraductorjurado.es\/#website","url":"https:\/\/tutraductorjurado.es\/","name":"Tu Traductor Jurado","description":"Spanish and English Sworn Translations - Official","publisher":{"@id":"https:\/\/tutraductorjurado.es\/#organization"},"potentialAction":[{"@type":"SearchAction","target":{"@type":"EntryPoint","urlTemplate":"https:\/\/tutraductorjurado.es\/?s={search_term_string}"},"query-input":"required name=search_term_string"}],"inLanguage":"en-US"},{"@type":"Organization","@id":"https:\/\/tutraductorjurado.es\/#organization","name":"Tu Traductor Jurado","url":"https:\/\/tutraductorjurado.es\/","logo":{"@type":"ImageObject","inLanguage":"en-US","@id":"https:\/\/tutraductorjurado.es\/#\/schema\/logo\/image\/","url":"http:\/\/tutraductorjurado.es\/wp-content\/uploads\/2017\/10\/cropped-tu-traductor-jurado-1.jpg","contentUrl":"http:\/\/tutraductorjurado.es\/wp-content\/uploads\/2017\/10\/cropped-tu-traductor-jurado-1.jpg","width":135,"height":70,"caption":"Tu Traductor Jurado"},"image":{"@id":"https:\/\/tutraductorjurado.es\/#\/schema\/logo\/image\/"},"sameAs":["https:\/\/www.facebook.com\/tutraductorjurado","https:\/\/twitter.com\/tutraductorjur1","https:\/\/www.youtube.com\/channel\/UCww9sd9wmEBtNSQePgkOsIQ"]}]}},"_links":{"self":[{"href":"https:\/\/tutraductorjurado.es\/en\/wp-json\/wp\/v2\/pages\/1407"}],"collection":[{"href":"https:\/\/tutraductorjurado.es\/en\/wp-json\/wp\/v2\/pages"}],"about":[{"href":"https:\/\/tutraductorjurado.es\/en\/wp-json\/wp\/v2\/types\/page"}],"author":[{"embeddable":true,"href":"https:\/\/tutraductorjurado.es\/en\/wp-json\/wp\/v2\/users\/1"}],"replies":[{"embeddable":true,"href":"https:\/\/tutraductorjurado.es\/en\/wp-json\/wp\/v2\/comments?post=1407"}],"version-history":[{"count":1,"href":"https:\/\/tutraductorjurado.es\/en\/wp-json\/wp\/v2\/pages\/1407\/revisions"}],"predecessor-version":[{"id":2897,"href":"https:\/\/tutraductorjurado.es\/en\/wp-json\/wp\/v2\/pages\/1407\/revisions\/2897"}],"wp:attachment":[{"href":"https:\/\/tutraductorjurado.es\/en\/wp-json\/wp\/v2\/media?parent=1407"}],"curies":[{"name":"wp","href":"https:\/\/api.w.org\/{rel}","templated":true}]}}